{"id":34712,"date":"2026-04-05T15:58:46","date_gmt":"2026-04-05T15:58:46","guid":{"rendered":"https:\/\/www.novellshop.com\/producto\/receveur-de-douche-en-corian-basic\/"},"modified":"2026-04-09T07:57:07","modified_gmt":"2026-04-09T07:57:07","slug":"receveur-de-douche-en-corian-basic","status":"publish","type":"product","link":"https:\/\/www.novellshop.com\/fr\/producto\/receveur-de-douche-en-corian-basic\/","title":{"rendered":"Receveur de douche en corian BASIC"},"content":{"rendered":"<h3 data-path-to-node=\"10\">Transformez votre douche avec l&rsquo;exclusivit\u00e9 du Corian\u00ae sur mesure.<\/h3>\n<p data-path-to-node=\"11\">Le receveur de douche <b data-path-to-node=\"11\" data-index-in-node=\"18\">Corian\u00ae Basic<\/b> est la solution id\u00e9ale pour ceux qui recherchent un design minimaliste sans renoncer \u00e0 des performances techniques maximales. En tant que mat\u00e9riau de surface solide, il offre une durabilit\u00e9 exceptionnelle et une esth\u00e9tique impeccable qui s&rsquo;int\u00e8gre parfaitement \u00e0 tous les styles de salle de bains, du marbre classique au microciment moderne. <\/p>\n<h4 data-path-to-node=\"12\">Caract\u00e9ristiques principales :<\/h4>\n<ul data-path-to-node=\"13\">\n<li>\n<p data-path-to-node=\"13,0,0\">Sur <b data-path-to-node=\"13,0,0\" data-index-in-node=\"0\">mesure :<\/b> oubliez les mesures standard. Nous nous adaptons \u00e0 votre espace pour que l&rsquo;ajustement soit millim\u00e9trique, optimisant ainsi chaque coin de votre espace douche. <\/p>\n<\/li>\n<li>\n<p data-path-to-node=\"13,1,0\"><b data-path-to-node=\"13,1,0\" data-index-in-node=\"0\">\u00c9paisseur robuste :<\/b> L&rsquo;\u00e9paisseur constante de <b data-path-to-node=\"13,1,0\" data-index-in-node=\"49\">4 cm<\/b> garantit une rigidit\u00e9 structurelle sup\u00e9rieure et une pr\u00e9sence imposante.<\/p>\n<\/li>\n<li>\n<p data-path-to-node=\"13,2,0\"><b data-path-to-node=\"13,2,0\" data-index-in-node=\"0\">Finition monolithique :<\/b> le produit comprend le <b data-path-to-node=\"13,2,0\" data-index-in-node=\"43\">robinet de vidange<\/b> et un <b data-path-to-node=\"13,2,0\" data-index-in-node=\"68\">couvercle d\u00e9coratif en Corian\u00ae<\/b>, ce qui permet d&rsquo;obtenir une continuit\u00e9 visuelle \u00e9l\u00e9gante et discr\u00e8te.<\/p>\n<\/li>\n<li>\n<p data-path-to-node=\"13,3,0\"><b data-path-to-node=\"13,3,0\" data-index-in-node=\"0\">Hygi\u00e8ne et entretien :<\/b> Corian\u00ae est un mat\u00e9riau non poreux, ce qui emp\u00eache la prolif\u00e9ration des bact\u00e9ries et des moisissures. Il est extr\u00eamement facile \u00e0 nettoyer, ce qui lui permet de rester d&rsquo;un blanc pur comme au premier jour. <\/p>\n<\/li>\n<\/ul>\n<h4 data-path-to-node=\"14\">Sp\u00e9cifications techniques :<\/h4>\n<table data-path-to-node=\"15\">\n<thead>\n<tr>\n<td><strong>Caract\u00e9ristiques<\/strong><\/td>\n<td><strong>D\u00e9tail<\/strong><\/td>\n<\/tr>\n<\/thead>\n<tbody>\n<tr>\n<td><span data-path-to-node=\"15,1,0,0\"><b data-path-to-node=\"15,1,0,0\" data-index-in-node=\"0\">Mat\u00e9riau<\/b><\/span><\/td>\n<td><span data-path-to-node=\"15,1,1,0\">Corian\u00ae Original (Solid Surface)<\/span><\/td>\n<\/tr>\n<tr>\n<td><span data-path-to-node=\"15,2,0,0\"><b data-path-to-node=\"15,2,0,0\" data-index-in-node=\"0\">Epaisseur et poids<\/b><\/span><\/td>\n<td><span data-path-to-node=\"15,2,1,0\">4 cm et 40 kgs (plaque 80x100cm)<\/span><\/td>\n<\/tr>\n<tr>\n<td><span data-path-to-node=\"15,3,0,0\"><b data-path-to-node=\"15,3,0,0\" data-index-in-node=\"0\">Position de la vanne<\/b><\/span><\/td>\n<td><span data-path-to-node=\"15,3,1,0\">Centrale ou lat\u00e9rale (au choix)<\/span><\/td>\n<\/tr>\n<tr>\n<td><span data-path-to-node=\"15,4,0,0\"><b data-path-to-node=\"15,4,0,0\" data-index-in-node=\"0\">Y compris<\/b><\/span><\/td>\n<td><span data-path-to-node=\"15,4,1,0\">Valve Wirquin extra-plate de 4 cm et couvercle en Corian\u00ae.<\/span><\/td>\n<\/tr>\n<tr>\n<td><span data-path-to-node=\"15,5,0,0\"><b data-path-to-node=\"15,5,0,0\" data-index-in-node=\"0\">D\u00e9lai de livraison<\/b><\/span><\/td>\n<td><span data-path-to-node=\"15,5,1,0\">10 jours ouvrables<\/span><\/td>\n<\/tr>\n<\/tbody>\n<\/table>\n<h4 data-path-to-node=\"16\">Pourquoi choisir Corian\u00ae Basic ?<\/h4>\n<p data-path-to-node=\"17\">Contrairement aux plaques de r\u00e9sine conventionnelles, Corian\u00ae permet une r\u00e9paration invisible en cas de rayures et offre une chaleur au toucher qui am\u00e9liore l&rsquo;exp\u00e9rience quotidienne d&rsquo;utilisation. De plus, gr\u00e2ce \u00e0 notre processus de production optimis\u00e9, nous pouvons vous fournir un <b data-path-to-node=\"17\" data-index-in-node=\"269\">produit enti\u00e8rement personnalis\u00e9 en un temps record de 10 jours.<\/b> <\/p>\n<blockquote data-path-to-node=\"18\">\n<p data-path-to-node=\"18,0\"><b data-path-to-node=\"18,0\" data-index-in-node=\"0\">Note pour l&rsquo;installation :<\/b> vous pouvez choisir l&#8217;emplacement de la vanne en fonction de la disposition de vos canalisations existantes afin de faciliter la r\u00e9novation.<\/p>\n<\/blockquote>\n","protected":false},"excerpt":{"rendered":"<p data-path-to-node=\"4\"><b data-path-to-node=\"4\" data-index-in-node=\"0\">Receveur de douche sur mesure en Corian\u00ae Basic &#8211; El\u00e9gance et r\u00e9sistance absolues.<\/b><\/p>\n<p data-path-to-node=\"5\">Personnalisez votre salle de bains avec un <b data-path-to-node=\"5\" data-index-in-node=\"45\">v\u00e9ritable<\/b> receveur de douche <b data-path-to-node=\"5\" data-index-in-node=\"45\">en Corian\u00ae<\/b>, fabriqu\u00e9 aux dimensions exactes dont vous avez besoin. D&rsquo;une \u00e9paisseur de <b data-path-to-node=\"5\" data-index-in-node=\"146\">4 cm<\/b>, ce receveur de douche se distingue par sa surface ultra-hygi\u00e9nique, sans pores et lisse comme de la soie. <\/p>\n<ul data-path-to-node=\"6\">\n<li>\n<p data-path-to-node=\"6,0,0\"><b data-path-to-node=\"6,0,0\" data-index-in-node=\"0\">Personnalisation compl\u00e8te :<\/b> vous choisissez la longueur et la largeur.<\/p>\n<\/li>\n<li>\n<p data-path-to-node=\"6,1,0\"><b data-path-to-node=\"6,1,0\" data-index-in-node=\"0\">Conception int\u00e9gr\u00e9e :<\/b> comprend la valve et le couvercle dans le m\u00eame mat\u00e9riau Corian\u00ae.<\/p>\n<\/li>\n<li>\n<p data-path-to-node=\"6,2,0\"><b data-path-to-node=\"6,2,0\" data-index-in-node=\"0\">Configuration flexible :<\/b> choisissez la position de la vanne (centrale ou lat\u00e9rale).<\/p>\n<\/li>\n<li>\n<p data-path-to-node=\"6,3,0\"><b data-path-to-node=\"6,3,0\" data-index-in-node=\"0\">Livraison rapide :<\/b> fabrication et exp\u00e9dition en seulement <b data-path-to-node=\"6,3,0\" data-index-in-node=\"44\">10 jours.<\/b><\/p>\n<\/li>\n<\/ul>\n","protected":false},"featured_media":34699,"template":"","meta":{"site-sidebar-layout":"default","site-content-layout":"","ast-site-content-layout":"default","site-content-style":"default","site-sidebar-style":"default","ast-global-header-display":"","ast-banner-title-visibility":"","ast-main-header-display":"","ast-hfb-above-header-display":"","ast-hfb-below-header-display":"","ast-hfb-mobile-header-display":"","site-post-title":"","ast-breadcrumbs-content":"","ast-featured-img":"","footer-sml-layout":"","ast-disable-related-posts":"","theme-transparent-header-meta":"default","adv-header-id-meta":"","stick-header-meta":"","header-above-stick-meta":"","header-main-stick-meta":"","header-below-stick-meta":"","astra-migrate-meta-layouts":"default","ast-page-background-enabled":"default","ast-page-background-meta":{"desktop":{"background-color":"","background-image":"","background-repeat":"repeat","background-position":"center center","background-size":"auto","background-attachment":"scroll","background-type":"","background-media":"","overlay-type":"","overlay-color":"","overlay-opacity":"","overlay-gradient":""},"tablet":{"background-color":"","background-image":"","background-repeat":"repeat","background-position":"center center","background-size":"auto","background-attachment":"scroll","background-type":"","background-media":"","overlay-type":"","overlay-color":"","overlay-opacity":"","overlay-gradient":""},"mobile":{"background-color":"","background-image":"","background-repeat":"repeat","background-position":"center center","background-size":"auto","background-attachment":"scroll","background-type":"","background-media":"","overlay-type":"","overlay-color":"","overlay-opacity":"","overlay-gradient":""}},"ast-content-background-meta":{"desktop":{"background-color":"var(--ast-global-color-5)","background-image":"","background-repeat":"repeat","background-position":"center center","background-size":"auto","background-attachment":"scroll","background-type":"","background-media":"","overlay-type":"","overlay-color":"","overlay-opacity":"","overlay-gradient":""},"tablet":{"background-color":"var(--ast-global-color-5)","background-image":"","background-repeat":"repeat","background-position":"center center","background-size":"auto","background-attachment":"scroll","background-type":"","background-media":"","overlay-type":"","overlay-color":"","overlay-opacity":"","overlay-gradient":""},"mobile":{"background-color":"var(--ast-global-color-5)","background-image":"","background-repeat":"repeat","background-position":"center center","background-size":"auto","background-attachment":"scroll","background-type":"","background-media":"","overlay-type":"","overlay-color":"","overlay-opacity":"","overlay-gradient":""}},"_joinchat":[]},"product_brand":[],"product_cat":[268],"product_tag":[],"class_list":{"0":"post-34712","1":"product","2":"type-product","3":"status-publish","4":"has-post-thumbnail","6":"product_cat-receveurs-de-douche-en-corian","7":"desktop-align-center","8":"tablet-align-center","9":"mobile-align-center","10":"ast-product-gallery-layout-horizontal","11":"ast-product-tabs-layout-horizontal","13":"first","14":"instock","15":"shipping-taxable","16":"purchasable","17":"product-type-simple"},"_links":{"self":[{"href":"https:\/\/www.novellshop.com\/fr\/wp-json\/wp\/v2\/product\/34712","targetHints":{"allow":["GET"]}}],"collection":[{"href":"https:\/\/www.novellshop.com\/fr\/wp-json\/wp\/v2\/product"}],"about":[{"href":"https:\/\/www.novellshop.com\/fr\/wp-json\/wp\/v2\/types\/product"}],"wp:featuredmedia":[{"embeddable":true,"href":"https:\/\/www.novellshop.com\/fr\/wp-json\/wp\/v2\/media\/34699"}],"wp:attachment":[{"href":"https:\/\/www.novellshop.com\/fr\/wp-json\/wp\/v2\/media?parent=34712"}],"wp:term":[{"taxonomy":"product_brand","embeddable":true,"href":"https:\/\/www.novellshop.com\/fr\/wp-json\/wp\/v2\/product_brand?post=34712"},{"taxonomy":"product_cat","embeddable":true,"href":"https:\/\/www.novellshop.com\/fr\/wp-json\/wp\/v2\/product_cat?post=34712"},{"taxonomy":"product_tag","embeddable":true,"href":"https:\/\/www.novellshop.com\/fr\/wp-json\/wp\/v2\/product_tag?post=34712"}],"curies":[{"name":"wp","href":"https:\/\/api.w.org\/{rel}","templated":true}]}}