{"id":30735,"date":"2025-04-14T18:04:39","date_gmt":"2025-04-14T18:04:39","guid":{"rendered":"https:\/\/www.novellshop.com\/?post_type=product&#038;p=30735"},"modified":"2026-01-31T18:44:17","modified_gmt":"2026-01-31T18:44:17","slug":"porte-serviettes-solid-surface-corian-minimal3","status":"publish","type":"product","link":"https:\/\/www.novellshop.com\/fr\/producto\/porte-serviettes-solid-surface-corian-minimal3\/","title":{"rendered":"Tablette en Corian Solid Surface MINIMAL 3"},"content":{"rendered":"<p>Cette \u00e9tag\u00e8re de salle de bain est enti\u00e8rement r\u00e9alis\u00e9e en<strong> Corian<\/strong>, un mat\u00e9riau exclusif et moderne dont les<strong> principales caract\u00e9ristiques<\/strong> sont les suivantes :<\/p>\n<ul>\n<li>Sans articulations.<\/li>\n<li>non poreux<\/li>\n<li>Il est thermoformable<\/li>\n<li>tr\u00e8s r\u00e9sistant<\/li>\n<li>sans entretien<\/li>\n<li>nettoyage facile<\/li>\n<li>enti\u00e8rement r\u00e9parable<\/li>\n<li>Thermor\u00e9gulable (s&rsquo;adapte \u00e0 la temp\u00e9rature ambiante)<\/li>\n<li>100% hygi\u00e9nique<\/li>\n<\/ul>\n<p>Pour faciliter l&rsquo;installation de cette \u00e9tag\u00e8re en Corian, nous livrons votre accessoire en Corian avec le kit de montage.<\/p>\n<p><strong>Livraison gratuite<\/strong>.<\/p>\n<p>&nbsp;<\/p>\n<h4>Qu&rsquo;est-ce que le Corian ?<\/h4>\n<p><img fetchpriority=\"high\" decoding=\"async\" class=\"wp-image-23245 size-medium alignright\" src=\"https:\/\/www.novellshop.com\/wp-content\/uploads\/2023\/02\/accesorios-corian-logo-300x210.png\" alt=\"\" width=\"300\" height=\"210\" srcset=\"https:\/\/www.novellshop.com\/wp-content\/uploads\/2023\/02\/accesorios-corian-logo-300x210.png 300w, https:\/\/www.novellshop.com\/wp-content\/uploads\/2023\/02\/accesorios-corian-logo-1024x718.png 1024w, https:\/\/www.novellshop.com\/wp-content\/uploads\/2023\/02\/accesorios-corian-logo-768x538.png 768w, https:\/\/www.novellshop.com\/wp-content\/uploads\/2023\/02\/accesorios-corian-logo-500x350.png 500w, https:\/\/www.novellshop.com\/wp-content\/uploads\/2023\/02\/accesorios-corian-logo-700x491.png 700w, https:\/\/www.novellshop.com\/wp-content\/uploads\/2023\/02\/accesorios-corian-logo.png 1280w\" sizes=\"(max-width: 300px) 100vw, 300px\" \/>Chaque jour, de plus en plus de personnes d\u00e9cident d&rsquo;utiliser le Corian pour toutes sortes de projets : cuisines, salles de bains, meubles design, accessoires et compl\u00e9ments, &#8230; Si vous faites partie de ceux qui ne connaissent pas encore ce mat\u00e9riau et que vous souhaitez en savoir plus, dans l&rsquo;article d&rsquo;aujourd&rsquo;hui, nous expliquons bri\u00e8vement ce qu&rsquo;est le Corian.<\/p>\n<p>Le Corian est un mat\u00e9riau de surface solide synth\u00e9tique compos\u00e9 d&rsquo;un tiers de r\u00e9sine acrylique et de deux tiers d&rsquo;hydroxyde d&rsquo;aluminium, d\u00e9velopp\u00e9 et fabriqu\u00e9 par la soci\u00e9t\u00e9 am\u00e9ricaine DuPont.<\/p>\n<p>La marque Corian (DuPont) est l&rsquo;une des nombreuses marques qui font partie de la famille Solid Surface, et plus pr\u00e9cis\u00e9ment la premi\u00e8re, puisque c&rsquo;est l&rsquo;entreprise DuPont qui a invent\u00e9 ce mat\u00e9riau et que toutes les autres ont suivi ses traces. Plus pr\u00e9cis\u00e9ment, le Corian a \u00e9t\u00e9 invent\u00e9 en 1967 et commercialis\u00e9 en 1971 au Texas.<\/p>\n<p>En r\u00e9sum\u00e9, le Corian est un mat\u00e9riau exclusif qui, compar\u00e9 \u00e0 d&rsquo;autres mat\u00e9riaux dans les m\u00eames secteurs d&rsquo;application, est tout aussi \u00e9conomique, voire plus, et offre sans aucun doute beaucoup plus.<\/p>\n<h4>Composition du Corian<\/h4>\n<p>Comme nous l&rsquo;avons d\u00e9j\u00e0 dit, 1\/3 est de la r\u00e9sine acrylique (PMMA) et c&rsquo;est cette proportion qui lui donne l&rsquo;\u00e9lasticit\u00e9 et la possibilit\u00e9 d&rsquo;\u00eatre thermoform\u00e9e, ce qui permet d&rsquo;obtenir un nombre infini de designs pour nos accessoires en Corian.<\/p>\n<p>Il est compl\u00e9t\u00e9 par 2\/3 d&rsquo;hydroxyde d&rsquo;aluminium (trihydrate d&rsquo;aluminium), ce qui lui conf\u00e8re sa duret\u00e9 caract\u00e9ristique et sa r\u00e9sistance aux chocs et \u00e0 la chaleur, puisqu&rsquo;il peut supporter jusqu&rsquo;\u00e0 110\u00baC.<\/p>\n<p>Pour les <strong>autres tailles<\/strong>, veuillez nous demander le prix en remplissant le formulaire suivant :<\/p>\n<div class=\"wpforms-container \" id=\"wpforms-20003\"><form id=\"wpforms-form-20003\" class=\"wpforms-validate wpforms-form\" data-formid=\"20003\" method=\"post\" enctype=\"multipart\/form-data\" action=\"\/fr\/wp-json\/wp\/v2\/product\/30735\" data-token=\"3d4ae55900bedf09daa961962f62e639\" data-token-time=\"1776852370\"><noscript class=\"wpforms-error-noscript\">Veuillez activer JavaScript dans votre navigateur pour remplir ce formulaire.<\/noscript><div class=\"wpforms-field-container\"><div id=\"wpforms-20003-field_1-container\" class=\"wpforms-field wpforms-field-email\" data-field-id=\"1\"><label class=\"wpforms-field-label wpforms-label-hide\" for=\"wpforms-20003-field_1\">Courriel <span class=\"wpforms-required-label\">*<\/span><\/label><input type=\"email\" id=\"wpforms-20003-field_1\" class=\"wpforms-field-large wpforms-field-required\" name=\"wpforms[fields][1]\" placeholder=\"Votre courriel\" spellcheck=\"false\" required><\/div><div id=\"wpforms-20003-field_3-container\" class=\"wpforms-field wpforms-field-text\" data-field-id=\"3\"><label class=\"wpforms-field-label wpforms-label-hide\" for=\"wpforms-20003-field_3\">Th\u00e8me <span class=\"wpforms-required-label\">*<\/span><\/label><input type=\"text\" id=\"wpforms-20003-field_3\" class=\"wpforms-field-large wpforms-field-required\" name=\"wpforms[fields][3]\" placeholder=\"Sujet\" required><\/div><div id=\"wpforms-20003-field_2-container\" class=\"wpforms-field wpforms-field-textarea\" data-field-id=\"2\"><label class=\"wpforms-field-label wpforms-label-hide\" for=\"wpforms-20003-field_2\">Message <span class=\"wpforms-required-label\">*<\/span><\/label><textarea id=\"wpforms-20003-field_2\" class=\"wpforms-field-medium wpforms-field-required\" name=\"wpforms[fields][2]\" placeholder=\"Message\" required><\/textarea><\/div><\/div><!-- .wpforms-field-container --><div class=\"wpforms-field wpforms-field-hp\"><label for=\"wpforms-20003-field-hp\" class=\"wpforms-field-label\">Name<\/label><input type=\"text\" name=\"wpforms[hp]\" id=\"wpforms-20003-field-hp\" class=\"wpforms-field-medium\"><\/div><div class=\"wpforms-recaptcha-container wpforms-is-recaptcha wpforms-is-recaptcha-type-v2\" ><div class=\"g-recaptcha\" data-sitekey=\"6LdyPHYdAAAAAHFhd1NYomufC5wJNm2cZCYyeclD\"><\/div><input type=\"text\" name=\"g-recaptcha-hidden\" class=\"wpforms-recaptcha-hidden\" style=\"position:absolute!important;clip:rect(0,0,0,0)!important;height:1px!important;width:1px!important;border:0!important;overflow:hidden!important;padding:0!important;margin:0!important;\" data-rule-recaptcha=\"1\"><\/div><div class=\"wpforms-submit-container\" ><input type=\"hidden\" name=\"wpforms[id]\" value=\"20003\"><input type=\"hidden\" name=\"page_title\" value=\"\"><input type=\"hidden\" name=\"page_url\" value=\"https:\/\/www.novellshop.com\/fr\/wp-json\/wp\/v2\/product\/30735\"><input type=\"hidden\" name=\"url_referer\" value=\"\"><button type=\"submit\" name=\"wpforms[submit]\" id=\"wpforms-submit-20003\" class=\"wpforms-submit\" data-alt-text=\"Envoi...\" data-submit-text=\"ENVOYER UN MESSAGE\" aria-live=\"assertive\" value=\"wpforms-submit\">ENVOYER UN MESSAGE<\/button><\/div><\/form><\/div>  <!-- .wpforms-container -->\n","protected":false},"excerpt":{"rendered":"<p><strong>Tablette en Corian Solid Surface de<\/strong> couleur Glacier White.<\/p>\n<p>Dimensions : <strong> 12 cm de profondeur et 6 mm d&rsquo;\u00e9paisseur<\/strong>. Vous pouvez choisir la longueur. <\/p>\n<p><strong>Montage avec des supports de type \u00ab\u00a0p\u00e9lican\u00a0\u00bb.<\/strong>  (kit inclus)<\/p>\n<p>Exp\u00e9dition gratuite<strong> 48\/72 heures<\/strong><\/p>\n<p><em>Pour d&rsquo;autres tailles, veuillez demander des informations en utilisant le formulaire ci-dessous.<\/em><\/p>\n","protected":false},"featured_media":32170,"template":"","meta":{"site-sidebar-layout":"default","site-content-layout":"default","ast-site-content-layout":"default","site-content-style":"default","site-sidebar-style":"default","ast-global-header-display":"","ast-banner-title-visibility":"","ast-main-header-display":"","ast-hfb-above-header-display":"","ast-hfb-below-header-display":"","ast-hfb-mobile-header-display":"","site-post-title":"","ast-breadcrumbs-content":"","ast-featured-img":"","footer-sml-layout":"","ast-disable-related-posts":"","theme-transparent-header-meta":"default","adv-header-id-meta":"","stick-header-meta":"","header-above-stick-meta":"","header-main-stick-meta":"","header-below-stick-meta":"","astra-migrate-meta-layouts":"set","ast-page-background-enabled":"default","ast-page-background-meta":{"desktop":{"background-color":"","background-image":"","background-repeat":"repeat","background-position":"center center","background-size":"auto","background-attachment":"scroll","background-type":"","background-media":"","overlay-type":"","overlay-color":"","overlay-opacity":"","overlay-gradient":""},"tablet":{"background-color":"","background-image":"","background-repeat":"repeat","background-position":"center center","background-size":"auto","background-attachment":"scroll","background-type":"","background-media":"","overlay-type":"","overlay-color":"","overlay-opacity":"","overlay-gradient":""},"mobile":{"background-color":"","background-image":"","background-repeat":"repeat","background-position":"center center","background-size":"auto","background-attachment":"scroll","background-type":"","background-media":"","overlay-type":"","overlay-color":"","overlay-opacity":"","overlay-gradient":""}},"ast-content-background-meta":{"desktop":{"background-color":"var(--ast-global-color-5)","background-image":"","background-repeat":"repeat","background-position":"center center","background-size":"auto","background-attachment":"scroll","background-type":"","background-media":"","overlay-type":"","overlay-color":"","overlay-opacity":"","overlay-gradient":""},"tablet":{"background-color":"var(--ast-global-color-5)","background-image":"","background-repeat":"repeat","background-position":"center center","background-size":"auto","background-attachment":"scroll","background-type":"","background-media":"","overlay-type":"","overlay-color":"","overlay-opacity":"","overlay-gradient":""},"mobile":{"background-color":"var(--ast-global-color-5)","background-image":"","background-repeat":"repeat","background-position":"center center","background-size":"auto","background-attachment":"scroll","background-type":"","background-media":"","overlay-type":"","overlay-color":"","overlay-opacity":"","overlay-gradient":""}},"_joinchat":[]},"product_brand":[],"product_cat":[147,162],"product_tag":[],"class_list":{"0":"post-30735","1":"product","2":"type-product","3":"status-publish","4":"has-post-thumbnail","6":"product_cat-accessoires-corian-solid-surface","7":"product_cat-etageres-en-surface-solide","8":"desktop-align-center","9":"tablet-align-center","10":"mobile-align-center","11":"ast-product-gallery-layout-horizontal","12":"ast-product-single-variable","13":"ast-product-tabs-layout-horizontal","15":"first","16":"instock","17":"sale","18":"shipping-taxable","19":"purchasable","20":"product-type-variable","21":"has-default-attributes"},"_links":{"self":[{"href":"https:\/\/www.novellshop.com\/fr\/wp-json\/wp\/v2\/product\/30735","targetHints":{"allow":["GET"]}}],"collection":[{"href":"https:\/\/www.novellshop.com\/fr\/wp-json\/wp\/v2\/product"}],"about":[{"href":"https:\/\/www.novellshop.com\/fr\/wp-json\/wp\/v2\/types\/product"}],"wp:featuredmedia":[{"embeddable":true,"href":"https:\/\/www.novellshop.com\/fr\/wp-json\/wp\/v2\/media\/32170"}],"wp:attachment":[{"href":"https:\/\/www.novellshop.com\/fr\/wp-json\/wp\/v2\/media?parent=30735"}],"wp:term":[{"taxonomy":"product_brand","embeddable":true,"href":"https:\/\/www.novellshop.com\/fr\/wp-json\/wp\/v2\/product_brand?post=30735"},{"taxonomy":"product_cat","embeddable":true,"href":"https:\/\/www.novellshop.com\/fr\/wp-json\/wp\/v2\/product_cat?post=30735"},{"taxonomy":"product_tag","embeddable":true,"href":"https:\/\/www.novellshop.com\/fr\/wp-json\/wp\/v2\/product_tag?post=30735"}],"curies":[{"name":"wp","href":"https:\/\/api.w.org\/{rel}","templated":true}]}}