{"id":23156,"date":"2023-04-17T19:22:18","date_gmt":"2023-04-17T19:22:18","guid":{"rendered":"https:\/\/www.novellshop.com\/?post_type=product&#038;p=23156"},"modified":"2026-01-31T09:58:02","modified_gmt":"2026-01-31T09:58:02","slug":"savon-solide-surface-brouillard","status":"publish","type":"product","link":"https:\/\/www.novellshop.com\/fr\/producto\/savon-solide-surface-brouillard\/","title":{"rendered":"Distributeur de savon mural Solid Surface Corian MIST"},"content":{"rendered":"<p>Ce porte-savon pour salle de bains est enti\u00e8rement fabriqu\u00e9 <strong>en<\/strong> <strong>Corian<\/strong>. Un porte-savon exclusif et moderne pour votre salle de bains.<\/p>\n<ul>\n<li>Sans articulations.<\/li>\n<li>non poreux<\/li>\n<li>Il est thermoformable<\/li>\n<li>tr\u00e8s r\u00e9sistant<\/li>\n<li>Sans entretien<\/li>\n<li>nettoyage facile<\/li>\n<li>enti\u00e8rement r\u00e9parable<\/li>\n<li>Thermor\u00e9gulable (s&rsquo;adapte \u00e0 la temp\u00e9rature ambiante)<\/li>\n<li>100% hygi\u00e9nique<\/li>\n<li>Antibact\u00e9rien<\/li>\n<\/ul>\n<p><strong>Choisissez entre deux m\u00e9thodes d&rsquo;installation :<\/strong><\/p>\n<p>Fixez votre accessoire de salle de bain sans trous ! Nous inclurons dans votre commande un <strong>adh\u00e9sif de haute qualit\u00e9<\/strong> ayant une r\u00e9sistance de<\/p>\n<p>traction jusqu&rsquo;\u00e0 400 kg.<\/p>\n<p>Si vous pr\u00e9f\u00e9rez, vous pouvez choisir de<strong>le fixer \u00e0 l&rsquo;aide de vis<\/strong>. Inclus dans votre commande avec des capuchons blancs pour une fixation invisible.<\/p>\n<p><strong>Livraison gratuite. Recevez votre commande dans les 48\/72 heures<\/strong><\/p>\n<p>&nbsp;<\/p>\n<h4>Qu&rsquo;est-ce que le Corian ?<\/h4>\n<p><img fetchpriority=\"high\" decoding=\"async\" class=\"wp-image-23245 size-medium alignright\" src=\"https:\/\/www.novellshop.com\/wp-content\/uploads\/2023\/02\/accesorios-corian-logo-300x210.png\" alt=\"\" width=\"300\" height=\"210\" srcset=\"https:\/\/www.novellshop.com\/wp-content\/uploads\/2023\/02\/accesorios-corian-logo-300x210.png 300w, https:\/\/www.novellshop.com\/wp-content\/uploads\/2023\/02\/accesorios-corian-logo-1024x718.png 1024w, https:\/\/www.novellshop.com\/wp-content\/uploads\/2023\/02\/accesorios-corian-logo-768x538.png 768w, https:\/\/www.novellshop.com\/wp-content\/uploads\/2023\/02\/accesorios-corian-logo-500x350.png 500w, https:\/\/www.novellshop.com\/wp-content\/uploads\/2023\/02\/accesorios-corian-logo-700x491.png 700w, https:\/\/www.novellshop.com\/wp-content\/uploads\/2023\/02\/accesorios-corian-logo.png 1280w\" sizes=\"(max-width: 300px) 100vw, 300px\" \/><\/p>\n<p>Sans aucun doute l&rsquo;un des <strong>meilleurs mat\u00e9riaux de surface solide sur le march\u00e9<\/strong>. Ce mat\u00e9riau Corian a \u00e9t\u00e9 d\u00e9velopp\u00e9 et fabriqu\u00e9 par la soci\u00e9t\u00e9 am\u00e9ricaine DuPont.<\/p>\n<p>Gr\u00e2ce \u00e0 sa composition synth\u00e9tique, il <strong>est id\u00e9al pour la fabrication de surfaces solides avec des finitions de qualit\u00e9 sup\u00e9rieure<\/strong>, ce qui nous permet de cr\u00e9er toutes sortes de projets, d&rsquo;accessoires et de compl\u00e9ments pour les salles de bains, les cuisines, les meubles design et bien d&rsquo;autres choses encore.<\/p>\n<p>Si vous souhaitez un accessoire de salle de bains 100 % hygi\u00e9nique et antibact\u00e9rien, tr\u00e8s durable, sans entretien et facile \u00e0 nettoyer,<strong> le porte-savon mural Solid Surface Corian MIST r\u00e9pondra \u00e0 toutes vos attentes<\/strong>.<\/p>\n<p><strong>Solid Surface, des accessoires haut de gamme pour votre salle de bains.<\/strong><\/p>\n<p><em>Pour d&rsquo;autres mesures, demandez-nous le prix en remplissant le formulaire suivant :<\/em><\/p>\n<div class=\"wpforms-container \" id=\"wpforms-20003\"><form id=\"wpforms-form-20003\" class=\"wpforms-validate wpforms-form\" data-formid=\"20003\" method=\"post\" enctype=\"multipart\/form-data\" action=\"\/fr\/wp-json\/wp\/v2\/product\/23156\" data-token=\"d499f600547e7c8c576bfffc223366cb\" data-token-time=\"1777203941\"><noscript class=\"wpforms-error-noscript\">Veuillez activer JavaScript dans votre navigateur pour remplir ce formulaire.<\/noscript><div class=\"wpforms-field-container\"><div id=\"wpforms-20003-field_1-container\" class=\"wpforms-field wpforms-field-email\" data-field-id=\"1\"><label class=\"wpforms-field-label wpforms-label-hide\" for=\"wpforms-20003-field_1\">Courriel <span class=\"wpforms-required-label\">*<\/span><\/label><input type=\"email\" id=\"wpforms-20003-field_1\" class=\"wpforms-field-large wpforms-field-required\" name=\"wpforms[fields][1]\" placeholder=\"Votre courriel\" spellcheck=\"false\" required><\/div><div id=\"wpforms-20003-field_3-container\" class=\"wpforms-field wpforms-field-text\" data-field-id=\"3\"><label class=\"wpforms-field-label wpforms-label-hide\" for=\"wpforms-20003-field_3\">Th\u00e8me <span class=\"wpforms-required-label\">*<\/span><\/label><input type=\"text\" id=\"wpforms-20003-field_3\" class=\"wpforms-field-large wpforms-field-required\" name=\"wpforms[fields][3]\" placeholder=\"Sujet\" required><\/div><div id=\"wpforms-20003-field_2-container\" class=\"wpforms-field wpforms-field-textarea\" data-field-id=\"2\"><label class=\"wpforms-field-label wpforms-label-hide\" for=\"wpforms-20003-field_2\">Message <span class=\"wpforms-required-label\">*<\/span><\/label><textarea id=\"wpforms-20003-field_2\" class=\"wpforms-field-medium wpforms-field-required\" name=\"wpforms[fields][2]\" placeholder=\"Message\" required><\/textarea><\/div><\/div><!-- .wpforms-field-container --><div class=\"wpforms-field wpforms-field-hp\"><label for=\"wpforms-20003-field-hp\" class=\"wpforms-field-label\">Message<\/label><input type=\"text\" name=\"wpforms[hp]\" id=\"wpforms-20003-field-hp\" class=\"wpforms-field-medium\"><\/div><div class=\"wpforms-recaptcha-container wpforms-is-recaptcha wpforms-is-recaptcha-type-v2\" ><div class=\"g-recaptcha\" data-sitekey=\"6LdyPHYdAAAAAHFhd1NYomufC5wJNm2cZCYyeclD\"><\/div><input type=\"text\" name=\"g-recaptcha-hidden\" class=\"wpforms-recaptcha-hidden\" style=\"position:absolute!important;clip:rect(0,0,0,0)!important;height:1px!important;width:1px!important;border:0!important;overflow:hidden!important;padding:0!important;margin:0!important;\" data-rule-recaptcha=\"1\"><\/div><div class=\"wpforms-submit-container\" ><input type=\"hidden\" name=\"wpforms[id]\" value=\"20003\"><input type=\"hidden\" name=\"page_title\" value=\"\"><input type=\"hidden\" name=\"page_url\" value=\"https:\/\/www.novellshop.com\/fr\/wp-json\/wp\/v2\/product\/23156\"><input type=\"hidden\" name=\"url_referer\" value=\"\"><button type=\"submit\" name=\"wpforms[submit]\" id=\"wpforms-submit-20003\" class=\"wpforms-submit\" data-alt-text=\"Envoi...\" data-submit-text=\"ENVOYER UN MESSAGE\" aria-live=\"assertive\" value=\"wpforms-submit\">ENVOYER UN MESSAGE<\/button><\/div><\/form><\/div>  <!-- .wpforms-container -->\n","protected":false},"excerpt":{"rendered":"<p><strong>Porte-savon<\/strong> MIST en <strong>Corian Solid Surface<\/strong> <strong>blanc<\/strong> (Classic white) pour la salle de bain.<\/p>\n<p>Dimensions : <strong>75 cm de large x 12 cm de profondeur x 30 cm de hauteur<\/strong>.<\/p>\n<p>\u00c9tag\u00e8re <strong>moderne et fonctionnelle<\/strong> en Corian. Sans couture, totalement hygi\u00e9nique et antibact\u00e9rien.<\/p>\n<p><strong>2 possibilit\u00e9s de<\/strong><strong> montage<\/strong> (kit inclus dans le prix) :<\/p>\n<ul>\n<li>Adh\u00e9sif, fixation invisible sans trous : <strong><a title=\"Guide d'installation\" href=\"https:\/\/www.novellshop.com\/fr\/installation-daccessoires-en-corian-solid-surface\/\" target=\"_blank\" rel=\"noopener\">Guide d&rsquo;installation<\/a><\/strong><\/li>\n<li>Vis (y compris les capuchons blancs)<\/li>\n<\/ul>\n<p>Exp\u00e9dition gratuite<strong> 48\/72 heures<\/strong><\/p>\n<p><em>Pour d&rsquo;autres tailles, veuillez demander des informations en utilisant le formulaire ci-dessous.<\/em><\/p>\n","protected":false},"featured_media":23162,"template":"","meta":{"site-sidebar-layout":"default","site-content-layout":"default","ast-site-content-layout":"default","site-content-style":"default","site-sidebar-style":"default","ast-global-header-display":"","ast-banner-title-visibility":"","ast-main-header-display":"","ast-hfb-above-header-display":"","ast-hfb-below-header-display":"","ast-hfb-mobile-header-display":"","site-post-title":"","ast-breadcrumbs-content":"","ast-featured-img":"","footer-sml-layout":"","ast-disable-related-posts":"","theme-transparent-header-meta":"default","adv-header-id-meta":"","stick-header-meta":"","header-above-stick-meta":"","header-main-stick-meta":"","header-below-stick-meta":"","astra-migrate-meta-layouts":"default","ast-page-background-enabled":"default","ast-page-background-meta":{"desktop":{"background-color":"","background-image":"","background-repeat":"repeat","background-position":"center center","background-size":"auto","background-attachment":"scroll","background-type":"","background-media":"","overlay-type":"","overlay-color":"","overlay-opacity":"","overlay-gradient":""},"tablet":{"background-color":"","background-image":"","background-repeat":"repeat","background-position":"center center","background-size":"auto","background-attachment":"scroll","background-type":"","background-media":"","overlay-type":"","overlay-color":"","overlay-opacity":"","overlay-gradient":""},"mobile":{"background-color":"","background-image":"","background-repeat":"repeat","background-position":"center center","background-size":"auto","background-attachment":"scroll","background-type":"","background-media":"","overlay-type":"","overlay-color":"","overlay-opacity":"","overlay-gradient":""}},"ast-content-background-meta":{"desktop":{"background-color":"var(--ast-global-color-5)","background-image":"","background-repeat":"repeat","background-position":"center center","background-size":"auto","background-attachment":"scroll","background-type":"","background-media":"","overlay-type":"","overlay-color":"","overlay-opacity":"","overlay-gradient":""},"tablet":{"background-color":"var(--ast-global-color-5)","background-image":"","background-repeat":"repeat","background-position":"center center","background-size":"auto","background-attachment":"scroll","background-type":"","background-media":"","overlay-type":"","overlay-color":"","overlay-opacity":"","overlay-gradient":""},"mobile":{"background-color":"var(--ast-global-color-5)","background-image":"","background-repeat":"repeat","background-position":"center center","background-size":"auto","background-attachment":"scroll","background-type":"","background-media":"","overlay-type":"","overlay-color":"","overlay-opacity":"","overlay-gradient":""}},"_joinchat":[]},"product_brand":[],"product_cat":[147,162,161],"product_tag":[],"class_list":{"0":"post-23156","1":"product","2":"type-product","3":"status-publish","4":"has-post-thumbnail","6":"product_cat-accessoires-corian-solid-surface","7":"product_cat-etageres-en-surface-solide","8":"product_cat-porte-savons-a-surface-solide","9":"desktop-align-center","10":"tablet-align-center","11":"mobile-align-center","12":"ast-product-gallery-layout-horizontal","13":"ast-product-single-variable","14":"ast-product-tabs-layout-horizontal","16":"first","17":"instock","18":"shipping-taxable","19":"purchasable","20":"product-type-variable","21":"has-default-attributes"},"_links":{"self":[{"href":"https:\/\/www.novellshop.com\/fr\/wp-json\/wp\/v2\/product\/23156","targetHints":{"allow":["GET"]}}],"collection":[{"href":"https:\/\/www.novellshop.com\/fr\/wp-json\/wp\/v2\/product"}],"about":[{"href":"https:\/\/www.novellshop.com\/fr\/wp-json\/wp\/v2\/types\/product"}],"wp:featuredmedia":[{"embeddable":true,"href":"https:\/\/www.novellshop.com\/fr\/wp-json\/wp\/v2\/media\/23162"}],"wp:attachment":[{"href":"https:\/\/www.novellshop.com\/fr\/wp-json\/wp\/v2\/media?parent=23156"}],"wp:term":[{"taxonomy":"product_brand","embeddable":true,"href":"https:\/\/www.novellshop.com\/fr\/wp-json\/wp\/v2\/product_brand?post=23156"},{"taxonomy":"product_cat","embeddable":true,"href":"https:\/\/www.novellshop.com\/fr\/wp-json\/wp\/v2\/product_cat?post=23156"},{"taxonomy":"product_tag","embeddable":true,"href":"https:\/\/www.novellshop.com\/fr\/wp-json\/wp\/v2\/product_tag?post=23156"}],"curies":[{"name":"wp","href":"https:\/\/api.w.org\/{rel}","templated":true}]}}