{"id":23069,"date":"2023-03-31T13:22:39","date_gmt":"2023-03-31T13:22:39","guid":{"rendered":"https:\/\/www.novellshop.com\/producto\/robinet-de-surface-solide-click-clack\/"},"modified":"2026-01-18T17:53:51","modified_gmt":"2026-01-18T17:53:51","slug":"valvula-click-clack-solid-surface","status":"publish","type":"product","link":"https:\/\/www.novellshop.com\/fr\/producto\/valvula-click-clack-solid-surface\/","title":{"rendered":"Robinet de surface solide Click Clack"},"content":{"rendered":"<p>Ce robinet de lavabo a le couvercle recouvert de Solid surface Corian, un mat\u00e9riau exclusif et moderne dont les principales caract\u00e9ristiques sont :<\/p>\n<p>Sans joint.<br \/>\nIl n&rsquo;est pas poreux<br \/>\nIl est thermoformable<br \/>\nTr\u00e8s r\u00e9sistant<br \/>\nSans entretien<br \/>\nFacile \u00e0 nettoyer<br \/>\nTotalement r\u00e9parable<br \/>\nThermor\u00e9gulable (il s&rsquo;adapte \u00e0 la temp\u00e9rature ambiante)<br \/>\n100% hygi\u00e9nique<\/p>\n<p>Frais d&rsquo;exp\u00e9dition inclus.<\/p>\n","protected":false},"excerpt":{"rendered":"<p>Mod\u00e8le de <strong>robinetterie<\/strong> Click Clack de haute qualit\u00e9 enti\u00e8rement en blanc.<\/p>\n<p>Le couvercle est rev\u00eatu de Solid surface Corian.<\/p>\n<p>Convient \u00e0<strong> tous les types de lavabos (voir dessin technique)<\/strong><\/p>\n<p>Facile et rapide \u00e0 installer.<\/p>\n","protected":false},"featured_media":33045,"template":"","meta":{"site-sidebar-layout":"default","site-content-layout":"default","ast-site-content-layout":"default","site-content-style":"default","site-sidebar-style":"default","ast-global-header-display":"","ast-banner-title-visibility":"","ast-main-header-display":"","ast-hfb-above-header-display":"","ast-hfb-below-header-display":"","ast-hfb-mobile-header-display":"","site-post-title":"","ast-breadcrumbs-content":"","ast-featured-img":"","footer-sml-layout":"","ast-disable-related-posts":"","theme-transparent-header-meta":"default","adv-header-id-meta":"","stick-header-meta":"","header-above-stick-meta":"","header-main-stick-meta":"","header-below-stick-meta":"","astra-migrate-meta-layouts":"default","ast-page-background-enabled":"default","ast-page-background-meta":{"desktop":{"background-color":"","background-image":"","background-repeat":"repeat","background-position":"center center","background-size":"auto","background-attachment":"scroll","background-type":"","background-media":"","overlay-type":"","overlay-color":"","overlay-opacity":"","overlay-gradient":""},"tablet":{"background-color":"","background-image":"","background-repeat":"repeat","background-position":"center center","background-size":"auto","background-attachment":"scroll","background-type":"","background-media":"","overlay-type":"","overlay-color":"","overlay-opacity":"","overlay-gradient":""},"mobile":{"background-color":"","background-image":"","background-repeat":"repeat","background-position":"center center","background-size":"auto","background-attachment":"scroll","background-type":"","background-media":"","overlay-type":"","overlay-color":"","overlay-opacity":"","overlay-gradient":""}},"ast-content-background-meta":{"desktop":{"background-color":"var(--ast-global-color-5)","background-image":"","background-repeat":"repeat","background-position":"center center","background-size":"auto","background-attachment":"scroll","background-type":"","background-media":"","overlay-type":"","overlay-color":"","overlay-opacity":"","overlay-gradient":""},"tablet":{"background-color":"var(--ast-global-color-5)","background-image":"","background-repeat":"repeat","background-position":"center center","background-size":"auto","background-attachment":"scroll","background-type":"","background-media":"","overlay-type":"","overlay-color":"","overlay-opacity":"","overlay-gradient":""},"mobile":{"background-color":"var(--ast-global-color-5)","background-image":"","background-repeat":"repeat","background-position":"center center","background-size":"auto","background-attachment":"scroll","background-type":"","background-media":"","overlay-type":"","overlay-color":"","overlay-opacity":"","overlay-gradient":""}},"_joinchat":[]},"product_brand":[],"product_cat":[147,169,144],"product_tag":[],"class_list":{"0":"post-23069","1":"product","2":"type-product","3":"status-publish","4":"has-post-thumbnail","6":"product_cat-accessoires-corian-solid-surface","7":"product_cat-vasques-en-solid-surface","8":"product_cat-vasques-a-poser-solid-surface","9":"desktop-align-center","10":"tablet-align-center","11":"mobile-align-center","12":"ast-product-gallery-layout-horizontal","13":"ast-product-tabs-layout-horizontal","15":"first","16":"instock","17":"shipping-taxable","18":"purchasable","19":"product-type-simple"},"_links":{"self":[{"href":"https:\/\/www.novellshop.com\/fr\/wp-json\/wp\/v2\/product\/23069","targetHints":{"allow":["GET"]}}],"collection":[{"href":"https:\/\/www.novellshop.com\/fr\/wp-json\/wp\/v2\/product"}],"about":[{"href":"https:\/\/www.novellshop.com\/fr\/wp-json\/wp\/v2\/types\/product"}],"wp:featuredmedia":[{"embeddable":true,"href":"https:\/\/www.novellshop.com\/fr\/wp-json\/wp\/v2\/media\/33045"}],"wp:attachment":[{"href":"https:\/\/www.novellshop.com\/fr\/wp-json\/wp\/v2\/media?parent=23069"}],"wp:term":[{"taxonomy":"product_brand","embeddable":true,"href":"https:\/\/www.novellshop.com\/fr\/wp-json\/wp\/v2\/product_brand?post=23069"},{"taxonomy":"product_cat","embeddable":true,"href":"https:\/\/www.novellshop.com\/fr\/wp-json\/wp\/v2\/product_cat?post=23069"},{"taxonomy":"product_tag","embeddable":true,"href":"https:\/\/www.novellshop.com\/fr\/wp-json\/wp\/v2\/product_tag?post=23069"}],"curies":[{"name":"wp","href":"https:\/\/api.w.org\/{rel}","templated":true}]}}