{"id":22996,"date":"2023-03-04T19:43:15","date_gmt":"2023-03-04T19:43:15","guid":{"rendered":"https:\/\/www.novellshop.com\/?post_type=product&#038;p=22996"},"modified":"2026-01-31T07:02:07","modified_gmt":"2026-01-31T07:02:07","slug":"etagere-plancher-solide-xl","status":"publish","type":"product","link":"https:\/\/www.novellshop.com\/fr\/producto\/etagere-plancher-solide-xl\/","title":{"rendered":"Porte-serviettes Surface solide Corian STAND"},"content":{"rendered":"<p>Ce porte-serviettes de salle de bains est enti\u00e8rement r\u00e9alis\u00e9 en<strong> Corian<\/strong>, un mat\u00e9riau exclusif et moderne dont les<strong> principales caract\u00e9ristiques<\/strong> sont les suivantes :<\/p>\n<ul>\n<li>Sans articulations.<\/li>\n<li>non poreux<\/li>\n<li>Il est thermoformable<\/li>\n<li>tr\u00e8s r\u00e9sistant<\/li>\n<li>sans entretien<\/li>\n<li>nettoyage facile<\/li>\n<li>enti\u00e8rement r\u00e9parable<\/li>\n<li>Thermor\u00e9gulable (s&rsquo;adapte \u00e0 la temp\u00e9rature ambiante)<\/li>\n<li>100% hygi\u00e9nique<\/li>\n<\/ul>\n<p>Pour faciliter l&rsquo;installation murale de ce porte-serviettes en Corian, NovellShop vous permet de choisir la m\u00e9thode d&rsquo;installation qui vous convient le mieux (nous livrons votre accessoire en Corian avec le kit de montage). Vous avez le choix entre deux m\u00e9thodes d&rsquo;installation :<\/p>\n<ul>\n<li>Fixation par adh\u00e9sif. L&rsquo;adh\u00e9sif que nous livrons est de haute qualit\u00e9 et a une r\u00e9sistance \u00e0 la traction de 400 kg. Cela signifie que son support est plus que garanti (fixation cach\u00e9e et pas besoin de percer des trous dans le mur).<\/li>\n<li>Fixation par vis (y compris les capuchons blancs)<\/li>\n<\/ul>\n<p><strong>Livraison gratuite<\/strong>.<\/p>\n<p>&nbsp;<\/p>\n<h4>Qu&rsquo;est-ce que le Corian ?<\/h4>\n<p><img fetchpriority=\"high\" decoding=\"async\" class=\"wp-image-23245 size-medium alignright\" src=\"https:\/\/www.novellshop.com\/wp-content\/uploads\/2023\/02\/accesorios-corian-logo-300x210.png\" alt=\"\" width=\"300\" height=\"210\" srcset=\"https:\/\/www.novellshop.com\/wp-content\/uploads\/2023\/02\/accesorios-corian-logo-300x210.png 300w, https:\/\/www.novellshop.com\/wp-content\/uploads\/2023\/02\/accesorios-corian-logo-1024x718.png 1024w, https:\/\/www.novellshop.com\/wp-content\/uploads\/2023\/02\/accesorios-corian-logo-768x538.png 768w, https:\/\/www.novellshop.com\/wp-content\/uploads\/2023\/02\/accesorios-corian-logo-500x350.png 500w, https:\/\/www.novellshop.com\/wp-content\/uploads\/2023\/02\/accesorios-corian-logo-700x491.png 700w, https:\/\/www.novellshop.com\/wp-content\/uploads\/2023\/02\/accesorios-corian-logo.png 1280w\" sizes=\"(max-width: 300px) 100vw, 300px\" \/>Chaque jour, de plus en plus de personnes d\u00e9cident d&rsquo;utiliser le Corian pour toutes sortes de projets : cuisines, salles de bains, meubles design, accessoires et compl\u00e9ments, &#8230; Si vous faites partie de ceux qui ne connaissent pas encore ce mat\u00e9riau et que vous souhaitez en savoir plus, dans l&rsquo;article d&rsquo;aujourd&rsquo;hui, nous expliquons bri\u00e8vement ce qu&rsquo;est le Corian.<\/p>\n<p>Le Corian est un mat\u00e9riau de surface solide synth\u00e9tique compos\u00e9 d&rsquo;un tiers de r\u00e9sine acrylique et de deux tiers d&rsquo;hydroxyde d&rsquo;aluminium, d\u00e9velopp\u00e9 et fabriqu\u00e9 par la soci\u00e9t\u00e9 am\u00e9ricaine DuPont.<\/p>\n<p>La marque Corian (DuPont) est l&rsquo;une des nombreuses marques qui font partie de la famille Solid Surface, et plus pr\u00e9cis\u00e9ment la premi\u00e8re, puisque c&rsquo;est l&rsquo;entreprise DuPont qui a invent\u00e9 ce mat\u00e9riau et que toutes les autres ont suivi ses traces. Plus pr\u00e9cis\u00e9ment, le Corian a \u00e9t\u00e9 invent\u00e9 en 1967 et commercialis\u00e9 en 1971 au Texas.<\/p>\n<p>En r\u00e9sum\u00e9, le Corian est un mat\u00e9riau exclusif qui, compar\u00e9 \u00e0 d&rsquo;autres mat\u00e9riaux dans les m\u00eames secteurs d&rsquo;application, est tout aussi \u00e9conomique, voire plus, et offre sans aucun doute beaucoup plus.<\/p>\n<h4>Composition du Corian<\/h4>\n<p>Comme nous l&rsquo;avons d\u00e9j\u00e0 dit, 1\/3 est de la r\u00e9sine acrylique (PMMA) et c&rsquo;est cette proportion qui lui donne l&rsquo;\u00e9lasticit\u00e9 et la possibilit\u00e9 d&rsquo;\u00eatre thermoform\u00e9e, ce qui permet d&rsquo;obtenir un nombre infini de designs pour nos accessoires en Corian.<\/p>\n<p>Il est compl\u00e9t\u00e9 par 2\/3 d&rsquo;hydroxyde d&rsquo;aluminium (trihydrate d&rsquo;aluminium), ce qui lui conf\u00e8re sa duret\u00e9 caract\u00e9ristique et sa r\u00e9sistance aux chocs et \u00e0 la chaleur, puisqu&rsquo;il peut supporter jusqu&rsquo;\u00e0 110\u00baC.<\/p>\n<p>Pour les <strong>autres tailles<\/strong>, veuillez nous demander le prix en remplissant le formulaire suivant :<\/p>\n<div class=\"wpforms-container \" id=\"wpforms-20003\"><form id=\"wpforms-form-20003\" class=\"wpforms-validate wpforms-form\" data-formid=\"20003\" method=\"post\" enctype=\"multipart\/form-data\" action=\"\/fr\/wp-json\/wp\/v2\/product\/22996\" data-token=\"d499f600547e7c8c576bfffc223366cb\" data-token-time=\"1777203960\"><noscript class=\"wpforms-error-noscript\">Veuillez activer JavaScript dans votre navigateur pour remplir ce formulaire.<\/noscript><div class=\"wpforms-field-container\"><div id=\"wpforms-20003-field_1-container\" class=\"wpforms-field wpforms-field-email\" data-field-id=\"1\"><label class=\"wpforms-field-label wpforms-label-hide\" for=\"wpforms-20003-field_1\">Courriel <span class=\"wpforms-required-label\">*<\/span><\/label><input type=\"email\" id=\"wpforms-20003-field_1\" class=\"wpforms-field-large wpforms-field-required\" name=\"wpforms[fields][1]\" placeholder=\"Votre courriel\" spellcheck=\"false\" required><\/div><div id=\"wpforms-20003-field_3-container\" class=\"wpforms-field wpforms-field-text\" data-field-id=\"3\"><label class=\"wpforms-field-label wpforms-label-hide\" for=\"wpforms-20003-field_3\">Th\u00e8me <span class=\"wpforms-required-label\">*<\/span><\/label><input type=\"text\" id=\"wpforms-20003-field_3\" class=\"wpforms-field-large wpforms-field-required\" name=\"wpforms[fields][3]\" placeholder=\"Sujet\" required><\/div><div id=\"wpforms-20003-field_2-container\" class=\"wpforms-field wpforms-field-textarea\" data-field-id=\"2\"><label class=\"wpforms-field-label wpforms-label-hide\" for=\"wpforms-20003-field_2\">Message <span class=\"wpforms-required-label\">*<\/span><\/label><textarea id=\"wpforms-20003-field_2\" class=\"wpforms-field-medium wpforms-field-required\" name=\"wpforms[fields][2]\" placeholder=\"Message\" required><\/textarea><\/div><\/div><!-- .wpforms-field-container --><div class=\"wpforms-field wpforms-field-hp\"><label for=\"wpforms-20003-field-hp\" class=\"wpforms-field-label\">Phone<\/label><input type=\"text\" name=\"wpforms[hp]\" id=\"wpforms-20003-field-hp\" class=\"wpforms-field-medium\"><\/div><div class=\"wpforms-recaptcha-container wpforms-is-recaptcha wpforms-is-recaptcha-type-v2\" ><div class=\"g-recaptcha\" data-sitekey=\"6LdyPHYdAAAAAHFhd1NYomufC5wJNm2cZCYyeclD\"><\/div><input type=\"text\" name=\"g-recaptcha-hidden\" class=\"wpforms-recaptcha-hidden\" style=\"position:absolute!important;clip:rect(0,0,0,0)!important;height:1px!important;width:1px!important;border:0!important;overflow:hidden!important;padding:0!important;margin:0!important;\" data-rule-recaptcha=\"1\"><\/div><div class=\"wpforms-submit-container\" ><input type=\"hidden\" name=\"wpforms[id]\" value=\"20003\"><input type=\"hidden\" name=\"page_title\" value=\"\"><input type=\"hidden\" name=\"page_url\" value=\"https:\/\/www.novellshop.com\/fr\/wp-json\/wp\/v2\/product\/22996\"><input type=\"hidden\" name=\"url_referer\" value=\"\"><button type=\"submit\" name=\"wpforms[submit]\" id=\"wpforms-submit-20003\" class=\"wpforms-submit\" data-alt-text=\"Envoi...\" data-submit-text=\"ENVOYER UN MESSAGE\" aria-live=\"assertive\" value=\"wpforms-submit\">ENVOYER UN MESSAGE<\/button><\/div><\/form><\/div>  <!-- .wpforms-container -->\n","protected":false},"excerpt":{"rendered":"<p><strong>Porte-serviettes en Corian Solid Surface<\/strong> de couleur Glacier White.<\/p>\n<p>Dimensions : <strong> 11 cm de profondeur x 9 cm de hauteur<\/strong>. Vous pouvez choisir la longueur. <\/p>\n<p>L&rsquo;<strong>espace r\u00e9serv\u00e9 aux serviettes<\/strong> doit toujours \u00eatre de <strong>40 cm.<\/strong><\/p>\n<p><strong>2 possibilit\u00e9s de<\/strong><strong> montage<\/strong> (kit inclus dans le prix) :<\/p>\n<ul>\n<li>Adh\u00e9sif, fixation invisible sans trous : <strong><a title=\"Guide d'installation\" href=\"https:\/\/www.novellshop.com\/fr\/installation-daccessoires-en-corian-solid-surface\/\" target=\"_blank\" rel=\"noopener\">Guide d&rsquo;installation<\/a><\/strong><\/li>\n<li>Vis (y compris les capuchons blancs)<\/li>\n<\/ul>\n<p>Exp\u00e9dition gratuite<strong> 48\/72 heures<\/strong><\/p>\n<p><em>Pour d&rsquo;autres tailles, veuillez demander des informations en utilisant le formulaire ci-dessous.<\/em><\/p>\n","protected":false},"featured_media":23090,"template":"","meta":{"site-sidebar-layout":"default","site-content-layout":"default","ast-site-content-layout":"default","site-content-style":"default","site-sidebar-style":"default","ast-global-header-display":"","ast-banner-title-visibility":"","ast-main-header-display":"","ast-hfb-above-header-display":"","ast-hfb-below-header-display":"","ast-hfb-mobile-header-display":"","site-post-title":"","ast-breadcrumbs-content":"","ast-featured-img":"","footer-sml-layout":"","ast-disable-related-posts":"","theme-transparent-header-meta":"default","adv-header-id-meta":"","stick-header-meta":"","header-above-stick-meta":"","header-main-stick-meta":"","header-below-stick-meta":"","astra-migrate-meta-layouts":"default","ast-page-background-enabled":"default","ast-page-background-meta":{"desktop":{"background-color":"","background-image":"","background-repeat":"repeat","background-position":"center center","background-size":"auto","background-attachment":"scroll","background-type":"","background-media":"","overlay-type":"","overlay-color":"","overlay-opacity":"","overlay-gradient":""},"tablet":{"background-color":"","background-image":"","background-repeat":"repeat","background-position":"center center","background-size":"auto","background-attachment":"scroll","background-type":"","background-media":"","overlay-type":"","overlay-color":"","overlay-opacity":"","overlay-gradient":""},"mobile":{"background-color":"","background-image":"","background-repeat":"repeat","background-position":"center center","background-size":"auto","background-attachment":"scroll","background-type":"","background-media":"","overlay-type":"","overlay-color":"","overlay-opacity":"","overlay-gradient":""}},"ast-content-background-meta":{"desktop":{"background-color":"var(--ast-global-color-5)","background-image":"","background-repeat":"repeat","background-position":"center center","background-size":"auto","background-attachment":"scroll","background-type":"","background-media":"","overlay-type":"","overlay-color":"","overlay-opacity":"","overlay-gradient":""},"tablet":{"background-color":"var(--ast-global-color-5)","background-image":"","background-repeat":"repeat","background-position":"center center","background-size":"auto","background-attachment":"scroll","background-type":"","background-media":"","overlay-type":"","overlay-color":"","overlay-opacity":"","overlay-gradient":""},"mobile":{"background-color":"var(--ast-global-color-5)","background-image":"","background-repeat":"repeat","background-position":"center center","background-size":"auto","background-attachment":"scroll","background-type":"","background-media":"","overlay-type":"","overlay-color":"","overlay-opacity":"","overlay-gradient":""}},"_joinchat":[]},"product_brand":[],"product_cat":[147,162,164],"product_tag":[],"class_list":{"0":"post-22996","1":"product","2":"type-product","3":"status-publish","4":"has-post-thumbnail","6":"product_cat-accessoires-corian-solid-surface","7":"product_cat-etageres-en-surface-solide","8":"product_cat-porte-serviettes-solid-surface","9":"desktop-align-center","10":"tablet-align-center","11":"mobile-align-center","12":"ast-product-gallery-layout-horizontal","13":"ast-product-single-variable","14":"ast-product-tabs-layout-horizontal","16":"first","17":"instock","18":"shipping-taxable","19":"purchasable","20":"product-type-variable","21":"has-default-attributes"},"_links":{"self":[{"href":"https:\/\/www.novellshop.com\/fr\/wp-json\/wp\/v2\/product\/22996","targetHints":{"allow":["GET"]}}],"collection":[{"href":"https:\/\/www.novellshop.com\/fr\/wp-json\/wp\/v2\/product"}],"about":[{"href":"https:\/\/www.novellshop.com\/fr\/wp-json\/wp\/v2\/types\/product"}],"wp:featuredmedia":[{"embeddable":true,"href":"https:\/\/www.novellshop.com\/fr\/wp-json\/wp\/v2\/media\/23090"}],"wp:attachment":[{"href":"https:\/\/www.novellshop.com\/fr\/wp-json\/wp\/v2\/media?parent=22996"}],"wp:term":[{"taxonomy":"product_brand","embeddable":true,"href":"https:\/\/www.novellshop.com\/fr\/wp-json\/wp\/v2\/product_brand?post=22996"},{"taxonomy":"product_cat","embeddable":true,"href":"https:\/\/www.novellshop.com\/fr\/wp-json\/wp\/v2\/product_cat?post=22996"},{"taxonomy":"product_tag","embeddable":true,"href":"https:\/\/www.novellshop.com\/fr\/wp-json\/wp\/v2\/product_tag?post=22996"}],"curies":[{"name":"wp","href":"https:\/\/api.w.org\/{rel}","templated":true}]}}