{"id":22180,"date":"2021-12-06T10:24:52","date_gmt":"2021-12-06T10:24:52","guid":{"rendered":"https:\/\/www.novellshop.com\/producto\/meuble-vasque-en-solid-surface-minow\/"},"modified":"2025-12-02T13:09:37","modified_gmt":"2025-12-02T13:09:37","slug":"meuble-de-salle-de-bain-minow","status":"publish","type":"product","link":"https:\/\/www.novellshop.com\/fr\/producto\/meuble-de-salle-de-bain-minow\/","title":{"rendered":"Meuble vasque en Solid Surface Minow"},"content":{"rendered":"<p>&#8211; Frais d&rsquo;envoi gratuits \u00e0 votre domicile et palettisation gratuite<\/p>\n<p>&#8211; Entre 10-15 jours \u00e0 destination avec assurance tous risques<\/p>\n<p>&#8211; Possibilit\u00e9 de retrait en magasin<\/p>\n<p>&#8211; Le lavabo sera toujours plac\u00e9 au centre si aucune autre mesure n&rsquo;est indiqu\u00e9e<\/p>\n<p>&#8211; L&rsquo;unit\u00e9 sera fabriqu\u00e9e sans trous de robinetterie \u00e0 moins que cela ne soit demand\u00e9.<\/p>\n","protected":false},"excerpt":{"rendered":"<p><span style=\"color: #ff0000;\"><span style=\"color: #000000;\"><strong>Meuble vasque id\u00e9al pour salle de bain de courtoisie ou hospitalit\u00e9. Fabriqu\u00e9 enti\u00e8rement en Solid surface de couleur Classic white. mesure 45 x 30 x 50 cm avec vasque int\u00e9gr\u00e9e dans le m\u00eame mat\u00e9riau + robinetterie Solid surface touch-touch et nid lat\u00e9ral pour le rangement. Palettisation et exp\u00e9dition avec assurance tous risques incluse.<\/strong><\/span> <\/span><\/p>\n<p>Pour d&rsquo;autres mesures, demandez-nous le prix en remplissant le formulaire suivant :<\/p>\n[contact-form-7 id=\"20745\" title=\"Demander un devis\"]\n","protected":false},"featured_media":21840,"template":"","meta":{"site-sidebar-layout":"default","site-content-layout":"default","ast-site-content-layout":"default","site-content-style":"default","site-sidebar-style":"default","ast-global-header-display":"","ast-banner-title-visibility":"","ast-main-header-display":"","ast-hfb-above-header-display":"","ast-hfb-below-header-display":"","ast-hfb-mobile-header-display":"","site-post-title":"","ast-breadcrumbs-content":"","ast-featured-img":"","footer-sml-layout":"","ast-disable-related-posts":"","theme-transparent-header-meta":"default","adv-header-id-meta":"","stick-header-meta":"","header-above-stick-meta":"","header-main-stick-meta":"","header-below-stick-meta":"","astra-migrate-meta-layouts":"default","ast-page-background-enabled":"default","ast-page-background-meta":{"desktop":{"background-color":"","background-image":"","background-repeat":"repeat","background-position":"center center","background-size":"auto","background-attachment":"scroll","background-type":"","background-media":"","overlay-type":"","overlay-color":"","overlay-opacity":"","overlay-gradient":""},"tablet":{"background-color":"","background-image":"","background-repeat":"repeat","background-position":"center center","background-size":"auto","background-attachment":"scroll","background-type":"","background-media":"","overlay-type":"","overlay-color":"","overlay-opacity":"","overlay-gradient":""},"mobile":{"background-color":"","background-image":"","background-repeat":"repeat","background-position":"center center","background-size":"auto","background-attachment":"scroll","background-type":"","background-media":"","overlay-type":"","overlay-color":"","overlay-opacity":"","overlay-gradient":""}},"ast-content-background-meta":{"desktop":{"background-color":"var(--ast-global-color-5)","background-image":"","background-repeat":"repeat","background-position":"center center","background-size":"auto","background-attachment":"scroll","background-type":"","background-media":"","overlay-type":"","overlay-color":"","overlay-opacity":"","overlay-gradient":""},"tablet":{"background-color":"var(--ast-global-color-5)","background-image":"","background-repeat":"repeat","background-position":"center center","background-size":"auto","background-attachment":"scroll","background-type":"","background-media":"","overlay-type":"","overlay-color":"","overlay-opacity":"","overlay-gradient":""},"mobile":{"background-color":"var(--ast-global-color-5)","background-image":"","background-repeat":"repeat","background-position":"center center","background-size":"auto","background-attachment":"scroll","background-type":"","background-media":"","overlay-type":"","overlay-color":"","overlay-opacity":"","overlay-gradient":""}},"_joinchat":[]},"product_brand":[],"product_cat":[149],"product_tag":[],"class_list":{"0":"post-22180","1":"product","2":"type-product","3":"status-publish","4":"has-post-thumbnail","6":"product_cat-meubles-de-salle-de-bains","7":"desktop-align-center","8":"tablet-align-center","9":"mobile-align-center","10":"ast-product-gallery-layout-horizontal","11":"ast-product-tabs-layout-horizontal","13":"first","14":"instock","15":"shipping-taxable","16":"purchasable","17":"product-type-simple"},"_links":{"self":[{"href":"https:\/\/www.novellshop.com\/fr\/wp-json\/wp\/v2\/product\/22180","targetHints":{"allow":["GET"]}}],"collection":[{"href":"https:\/\/www.novellshop.com\/fr\/wp-json\/wp\/v2\/product"}],"about":[{"href":"https:\/\/www.novellshop.com\/fr\/wp-json\/wp\/v2\/types\/product"}],"wp:featuredmedia":[{"embeddable":true,"href":"https:\/\/www.novellshop.com\/fr\/wp-json\/wp\/v2\/media\/21840"}],"wp:attachment":[{"href":"https:\/\/www.novellshop.com\/fr\/wp-json\/wp\/v2\/media?parent=22180"}],"wp:term":[{"taxonomy":"product_brand","embeddable":true,"href":"https:\/\/www.novellshop.com\/fr\/wp-json\/wp\/v2\/product_brand?post=22180"},{"taxonomy":"product_cat","embeddable":true,"href":"https:\/\/www.novellshop.com\/fr\/wp-json\/wp\/v2\/product_cat?post=22180"},{"taxonomy":"product_tag","embeddable":true,"href":"https:\/\/www.novellshop.com\/fr\/wp-json\/wp\/v2\/product_tag?post=22180"}],"curies":[{"name":"wp","href":"https:\/\/api.w.org\/{rel}","templated":true}]}}