{"id":22163,"date":"2021-12-10T19:59:49","date_gmt":"2021-12-10T19:59:49","guid":{"rendered":"https:\/\/www.novellshop.com\/producto\/meuble-de-salle-de-bain-whitenoir\/"},"modified":"2023-04-28T07:01:54","modified_gmt":"2023-04-28T07:01:54","slug":"meuble-de-salle-de-bains-solid-surface-whitenoir","status":"publish","type":"product","link":"https:\/\/www.novellshop.com\/fr\/producto\/meuble-de-salle-de-bains-solid-surface-whitenoir\/","title":{"rendered":"Meubles de salle de bains en Corian WhiteNoir"},"content":{"rendered":"<p>\u00b7 Frais de port \u00e0 domicile et palettisation gratuite<\/p>\n<p>Entre 20\/25 jours \u00e0 destination avec une assurance tous risques<\/p>\n<p>Possibilit\u00e9 de retrait en magasin<\/p>\n<p>\u00b7 L&rsquo;\u00e9vier est centr\u00e9 sur le meuble, 35 cm de profondeur et la moiti\u00e9 de la longueur du meuble.<\/p>\n<p>Pour d&rsquo;autres mesures, demandez-nous le prix en remplissant le formulaire suivant :<\/p>\n\n<div class=\"wpcf7 no-js\" id=\"wpcf7-f24075-o1\" lang=\"fr-FR\" dir=\"ltr\" data-wpcf7-id=\"24075\">\n<div class=\"screen-reader-response\"><p role=\"status\" aria-live=\"polite\" aria-atomic=\"true\"><\/p> <ul><\/ul><\/div>\n<form action=\"\/fr\/wp-json\/wp\/v2\/product\/22163#wpcf7-f24075-o1\" method=\"post\" class=\"wpcf7-form init\" aria-label=\"Formulaire de contact\" novalidate=\"novalidate\" data-status=\"init\">\n<fieldset class=\"hidden-fields-container\"><input type=\"hidden\" name=\"_wpcf7\" value=\"24075\" \/><input type=\"hidden\" name=\"_wpcf7_version\" value=\"6.1.5\" \/><input type=\"hidden\" name=\"_wpcf7_locale\" value=\"fr_FR\" \/><input type=\"hidden\" name=\"_wpcf7_unit_tag\" value=\"wpcf7-f24075-o1\" \/><input type=\"hidden\" name=\"_wpcf7_container_post\" value=\"0\" \/><input type=\"hidden\" name=\"_wpcf7_posted_data_hash\" value=\"\" \/><input type=\"hidden\" name=\"_wpcf7_recaptcha_response\" value=\"\" \/>\n<\/fieldset>\n<p><label> Votre nom (obligatoire)<br \/>\n<span class=\"wpcf7-form-control-wrap\" data-name=\"your-name\"><input size=\"40\" maxlength=\"400\" class=\"wpcf7-form-control wpcf7-text wpcf7-validates-as-required\" aria-required=\"true\" aria-invalid=\"false\" value=\"\" type=\"text\" name=\"your-name\" \/><\/span> <\/label>\n<\/p>\n<p><label> Votre adresse \u00e9lectronique (obligatoire)<br \/>\n<span class=\"wpcf7-form-control-wrap\" data-name=\"your-email\"><input size=\"40\" maxlength=\"400\" class=\"wpcf7-form-control wpcf7-email wpcf7-validates-as-required wpcf7-text wpcf7-validates-as-email\" aria-required=\"true\" aria-invalid=\"false\" value=\"\" type=\"email\" name=\"your-email\" \/><\/span> <\/label>\n<\/p>\n<p><label> Sujet<br \/>\n<span class=\"wpcf7-form-control-wrap\" data-name=\"your-subject\"><input size=\"40\" maxlength=\"400\" class=\"wpcf7-form-control wpcf7-text\" aria-invalid=\"false\" value=\"\" type=\"text\" name=\"your-subject\" \/><\/span> <\/label>\n<\/p>\n<p><label> Votre message<br \/>\n<span class=\"wpcf7-form-control-wrap\" data-name=\"your-message\"><textarea cols=\"40\" rows=\"10\" maxlength=\"2000\" class=\"wpcf7-form-control wpcf7-textarea\" aria-invalid=\"false\" name=\"your-message\"><\/textarea><\/span> <\/label>\n<\/p>\n<span class=\"wpcf7-form-control-wrap recaptcha\" data-name=\"recaptcha\"><span data-sitekey=\"6LdyPHYdAAAAAHFhd1NYomufC5wJNm2cZCYyeclD\" class=\"wpcf7-form-control wpcf7-recaptcha g-recaptcha\"><\/span>\r\n<noscript>\r\n\t<div class=\"grecaptcha-noscript\">\r\n\t\t<iframe src=\"https:\/\/www.google.com\/recaptcha\/api\/fallback?k=6LdyPHYdAAAAAHFhd1NYomufC5wJNm2cZCYyeclD\" frameborder=\"0\" scrolling=\"no\" width=\"310\" height=\"430\">\r\n\t\t<\/iframe>\r\n\t\t<textarea name=\"g-recaptcha-response\" rows=\"3\" cols=\"40\" placeholder=\"reCaptcha Response Here\">\r\n\t\t<\/textarea>\r\n\t<\/div>\r\n<\/noscript>\r\n<\/span>\n<p><input class=\"wpcf7-form-control wpcf7-submit has-spinner\" type=\"submit\" value=\"Solicitar precio\" \/>\n<\/p><div class=\"wpcf7-response-output\" aria-hidden=\"true\"><\/div>\n<\/form>\n<\/div>\n\n","protected":false},"excerpt":{"rendered":"<p>Meuble de salle de bain WHITENOIR avec tiroir(s) en <strong>Solid Surface Corian<\/strong>.<\/p>\n<p>L&rsquo;unit\u00e9 a une <strong>profondeur de 50 cm et une hauteur de 30 cm<\/strong>.<\/p>\n<p>Structure en m\u00e9lamine avec dessus et c\u00f4t\u00e9s en Corian Solid Surface. Fa\u00e7ades des tiroirs \u00e9galement en Solid Surface, couleur noir.<\/p>\n<p><span style=\"color: #000000;\">Glissi\u00e8res de tiroir<strong> Blum Legrabox<\/strong>. Freiner+pousser<\/span><\/p>\n<p><strong>Lavabo mod. Lin\u00e9aire<\/strong>  en <strong>Corian Solid Surface<\/strong>, enti\u00e8rement int\u00e9gr\u00e9.<\/p>\n<p><em>Pour d&rsquo;autres tailles et\/ou mod\u00e8les, demandez des informations via le formulaire ci-dessous.<\/em><\/p>\n","protected":false},"featured_media":22815,"template":"","meta":{"site-sidebar-layout":"default","site-content-layout":"default","ast-site-content-layout":"default","site-content-style":"default","site-sidebar-style":"default","ast-global-header-display":"","ast-banner-title-visibility":"","ast-main-header-display":"","ast-hfb-above-header-display":"","ast-hfb-below-header-display":"","ast-hfb-mobile-header-display":"","site-post-title":"","ast-breadcrumbs-content":"","ast-featured-img":"","footer-sml-layout":"","ast-disable-related-posts":"","theme-transparent-header-meta":"default","adv-header-id-meta":"","stick-header-meta":"","header-above-stick-meta":"","header-main-stick-meta":"","header-below-stick-meta":"","astra-migrate-meta-layouts":"default","ast-page-background-enabled":"default","ast-page-background-meta":{"desktop":{"background-color":"","background-image":"","background-repeat":"repeat","background-position":"center center","background-size":"auto","background-attachment":"scroll","background-type":"","background-media":"","overlay-type":"","overlay-color":"","overlay-opacity":"","overlay-gradient":""},"tablet":{"background-color":"","background-image":"","background-repeat":"repeat","background-position":"center center","background-size":"auto","background-attachment":"scroll","background-type":"","background-media":"","overlay-type":"","overlay-color":"","overlay-opacity":"","overlay-gradient":""},"mobile":{"background-color":"","background-image":"","background-repeat":"repeat","background-position":"center center","background-size":"auto","background-attachment":"scroll","background-type":"","background-media":"","overlay-type":"","overlay-color":"","overlay-opacity":"","overlay-gradient":""}},"ast-content-background-meta":{"desktop":{"background-color":"var(--ast-global-color-5)","background-image":"","background-repeat":"repeat","background-position":"center center","background-size":"auto","background-attachment":"scroll","background-type":"","background-media":"","overlay-type":"","overlay-color":"","overlay-opacity":"","overlay-gradient":""},"tablet":{"background-color":"var(--ast-global-color-5)","background-image":"","background-repeat":"repeat","background-position":"center center","background-size":"auto","background-attachment":"scroll","background-type":"","background-media":"","overlay-type":"","overlay-color":"","overlay-opacity":"","overlay-gradient":""},"mobile":{"background-color":"var(--ast-global-color-5)","background-image":"","background-repeat":"repeat","background-position":"center center","background-size":"auto","background-attachment":"scroll","background-type":"","background-media":"","overlay-type":"","overlay-color":"","overlay-opacity":"","overlay-gradient":""}},"_joinchat":[]},"product_brand":[],"product_cat":[149],"product_tag":[],"class_list":{"0":"post-22163","1":"product","2":"type-product","3":"status-publish","4":"has-post-thumbnail","6":"product_cat-meubles-de-salle-de-bains","7":"desktop-align-center","8":"tablet-align-center","9":"mobile-align-center","10":"ast-product-gallery-layout-horizontal","11":"ast-product-single-variable","12":"ast-product-tabs-layout-horizontal","14":"first","15":"instock","16":"shipping-taxable","17":"purchasable","18":"product-type-variable"},"_links":{"self":[{"href":"https:\/\/www.novellshop.com\/fr\/wp-json\/wp\/v2\/product\/22163","targetHints":{"allow":["GET"]}}],"collection":[{"href":"https:\/\/www.novellshop.com\/fr\/wp-json\/wp\/v2\/product"}],"about":[{"href":"https:\/\/www.novellshop.com\/fr\/wp-json\/wp\/v2\/types\/product"}],"wp:featuredmedia":[{"embeddable":true,"href":"https:\/\/www.novellshop.com\/fr\/wp-json\/wp\/v2\/media\/22815"}],"wp:attachment":[{"href":"https:\/\/www.novellshop.com\/fr\/wp-json\/wp\/v2\/media?parent=22163"}],"wp:term":[{"taxonomy":"product_brand","embeddable":true,"href":"https:\/\/www.novellshop.com\/fr\/wp-json\/wp\/v2\/product_brand?post=22163"},{"taxonomy":"product_cat","embeddable":true,"href":"https:\/\/www.novellshop.com\/fr\/wp-json\/wp\/v2\/product_cat?post=22163"},{"taxonomy":"product_tag","embeddable":true,"href":"https:\/\/www.novellshop.com\/fr\/wp-json\/wp\/v2\/product_tag?post=22163"}],"curies":[{"name":"wp","href":"https:\/\/api.w.org\/{rel}","templated":true}]}}