{"id":22101,"date":"2020-02-24T14:56:08","date_gmt":"2020-02-24T14:56:08","guid":{"rendered":"https:\/\/www.novellshop.com\/producto\/lavabo-en-solid-surface-totem-ll\/"},"modified":"2026-03-02T15:12:07","modified_gmt":"2026-03-02T15:12:07","slug":"bassin-solid-surface-totem-ll","status":"publish","type":"product","link":"https:\/\/www.novellshop.com\/fr\/producto\/bassin-solid-surface-totem-ll\/","title":{"rendered":"Lavabo en Solid Surface Totem ll"},"content":{"rendered":"<p>Ce lavabo \u00e0 poser <strong>Totem II<\/strong> est enti\u00e8rement r\u00e9alis\u00e9 en <strong>Solid Surface<\/strong>, un mat\u00e9riau exclusif et moderne dont les <strong>principales caract\u00e9ristiques<\/strong> sont les suivantes :<\/p>\n<ul>\n<li>Sans articulations.<\/li>\n<li>non poreux<\/li>\n<li>Il est thermoformable<\/li>\n<li>tr\u00e8s r\u00e9sistant<\/li>\n<li>sans entretien<\/li>\n<li>nettoyage facile<\/li>\n<li>enti\u00e8rement r\u00e9parable<\/li>\n<li>Thermor\u00e9gulable (s&rsquo;adapte \u00e0 la temp\u00e9rature ambiante)<\/li>\n<li>100% hygi\u00e9nique<\/li>\n<li>Frais de port inclus.<\/li>\n<\/ul>\n<p><strong>Plus d&rsquo;informations<\/strong> sur ce produit :<\/p>\n<ul>\n<li>Livraison gratuite \u00e0 votre domicile et palettisation gratuite<\/li>\n<li>Entre 10 et 15 jours \u00e0 destination avec une assurance tous risques.<\/li>\n<li>Possibilit\u00e9 d&rsquo;enl\u00e8vement dans nos locaux<\/li>\n<li>Le lavabo doit toujours \u00eatre plac\u00e9 au centre, sauf indication contraire.<\/li>\n<\/ul>\n","protected":false},"excerpt":{"rendered":"<p>Le <strong>lavabo circulaire<\/strong> <strong>Totem II<\/strong> est fabriqu\u00e9 en Solid Surface et peut \u00eatre plac\u00e9 et install\u00e9 <strong>sur n&rsquo;importe quel type de plan de travail bas<\/strong>.<\/p>\n<p>Fabriqu\u00e9 en surface solide en <strong>blanc<\/strong>.<\/p>\n<ul>\n<li>Dimensions <strong>ext\u00e9rieures<\/strong>: \u00d8 425 mm (hauteur 450 mm)<\/li>\n<li>Dimensions <strong>int\u00e9rieures<\/strong>: \u00d8 399 mm (hauteur 130 mm)<\/li>\n<\/ul>\n<p><em>(voir les photos du produit pour le dessin technique avec toutes les mesures)<\/em><\/p>\n<p>D&rsquo;une hauteur de 45 cm, il n\u00e9cessite un <strong>plan de travail d&rsquo;une hauteur de 40 cm<\/strong> (environ) pour \u00eatre \u00e0 une <strong>hauteur convenable<\/strong>.<\/p>\n<p>Rapide et <strong>facile \u00e0 installer<\/strong>.<\/p>\n<p><strong>Livraison<\/strong> <strong>gratuite<\/strong>.<\/p>\n","protected":false},"featured_media":21857,"template":"","meta":{"site-sidebar-layout":"default","site-content-layout":"default","ast-site-content-layout":"default","site-content-style":"default","site-sidebar-style":"default","ast-global-header-display":"","ast-banner-title-visibility":"","ast-main-header-display":"","ast-hfb-above-header-display":"","ast-hfb-below-header-display":"","ast-hfb-mobile-header-display":"","site-post-title":"","ast-breadcrumbs-content":"","ast-featured-img":"","footer-sml-layout":"","ast-disable-related-posts":"","theme-transparent-header-meta":"default","adv-header-id-meta":"","stick-header-meta":"","header-above-stick-meta":"","header-main-stick-meta":"","header-below-stick-meta":"","astra-migrate-meta-layouts":"default","ast-page-background-enabled":"default","ast-page-background-meta":{"desktop":{"background-color":"","background-image":"","background-repeat":"repeat","background-position":"center center","background-size":"auto","background-attachment":"scroll","background-type":"","background-media":"","overlay-type":"","overlay-color":"","overlay-opacity":"","overlay-gradient":""},"tablet":{"background-color":"","background-image":"","background-repeat":"repeat","background-position":"center center","background-size":"auto","background-attachment":"scroll","background-type":"","background-media":"","overlay-type":"","overlay-color":"","overlay-opacity":"","overlay-gradient":""},"mobile":{"background-color":"","background-image":"","background-repeat":"repeat","background-position":"center center","background-size":"auto","background-attachment":"scroll","background-type":"","background-media":"","overlay-type":"","overlay-color":"","overlay-opacity":"","overlay-gradient":""}},"ast-content-background-meta":{"desktop":{"background-color":"var(--ast-global-color-5)","background-image":"","background-repeat":"repeat","background-position":"center center","background-size":"auto","background-attachment":"scroll","background-type":"","background-media":"","overlay-type":"","overlay-color":"","overlay-opacity":"","overlay-gradient":""},"tablet":{"background-color":"var(--ast-global-color-5)","background-image":"","background-repeat":"repeat","background-position":"center center","background-size":"auto","background-attachment":"scroll","background-type":"","background-media":"","overlay-type":"","overlay-color":"","overlay-opacity":"","overlay-gradient":""},"mobile":{"background-color":"var(--ast-global-color-5)","background-image":"","background-repeat":"repeat","background-position":"center center","background-size":"auto","background-attachment":"scroll","background-type":"","background-media":"","overlay-type":"","overlay-color":"","overlay-opacity":"","overlay-gradient":""}},"_joinchat":[]},"product_brand":[],"product_cat":[223,144],"product_tag":[],"class_list":{"0":"post-22101","1":"product","2":"type-product","3":"status-publish","4":"has-post-thumbnail","6":"product_cat-lavabos-a-colonne-et-a-totem","7":"product_cat-vasques-a-poser-solid-surface","8":"desktop-align-center","9":"tablet-align-center","10":"mobile-align-center","11":"ast-product-gallery-layout-horizontal","12":"ast-product-tabs-layout-horizontal","14":"first","15":"instock","16":"shipping-taxable","17":"purchasable","18":"product-type-simple"},"_links":{"self":[{"href":"https:\/\/www.novellshop.com\/fr\/wp-json\/wp\/v2\/product\/22101","targetHints":{"allow":["GET"]}}],"collection":[{"href":"https:\/\/www.novellshop.com\/fr\/wp-json\/wp\/v2\/product"}],"about":[{"href":"https:\/\/www.novellshop.com\/fr\/wp-json\/wp\/v2\/types\/product"}],"wp:featuredmedia":[{"embeddable":true,"href":"https:\/\/www.novellshop.com\/fr\/wp-json\/wp\/v2\/media\/21857"}],"wp:attachment":[{"href":"https:\/\/www.novellshop.com\/fr\/wp-json\/wp\/v2\/media?parent=22101"}],"wp:term":[{"taxonomy":"product_brand","embeddable":true,"href":"https:\/\/www.novellshop.com\/fr\/wp-json\/wp\/v2\/product_brand?post=22101"},{"taxonomy":"product_cat","embeddable":true,"href":"https:\/\/www.novellshop.com\/fr\/wp-json\/wp\/v2\/product_cat?post=22101"},{"taxonomy":"product_tag","embeddable":true,"href":"https:\/\/www.novellshop.com\/fr\/wp-json\/wp\/v2\/product_tag?post=22101"}],"curies":[{"name":"wp","href":"https:\/\/api.w.org\/{rel}","templated":true}]}}