{"id":22075,"date":"2020-02-24T14:56:04","date_gmt":"2020-02-24T14:56:04","guid":{"rendered":"https:\/\/www.novellshop.com\/producto\/lavabo-solid-surface-nice-5328\/"},"modified":"2026-04-07T18:31:53","modified_gmt":"2026-04-07T18:31:53","slug":"nice","status":"publish","type":"product","link":"https:\/\/www.novellshop.com\/fr\/producto\/nice\/","title":{"rendered":"Lavabo NICE en solid surface"},"content":{"rendered":"<p>Ce plan de toilette Nice est enti\u00e8rement r\u00e9alis\u00e9 en Solid Surface blanc, un mat\u00e9riau exclusif et moderne dont les principales caract\u00e9ristiques sont les suivantes :<\/p>\n<ul>\n<li>Sans articulations.<\/li>\n<li>non poreux<\/li>\n<li>Il est thermoformable<\/li>\n<li>tr\u00e8s r\u00e9sistant<\/li>\n<li>sans entretien<\/li>\n<li>nettoyage facile<\/li>\n<li>enti\u00e8rement r\u00e9parable<\/li>\n<li>Thermor\u00e9gulable (s&rsquo;adapte \u00e0 la temp\u00e9rature ambiante)<\/li>\n<li>100% hygi\u00e9nique<\/li>\n<li>Frais de port inclus.<\/li>\n<\/ul>\n<p><strong>Plus d&rsquo;informations<\/strong> sur ce produit :<\/p>\n<ul>\n<li>Livraison gratuite \u00e0 votre domicile et palettisation gratuite<\/li>\n<li>Entre 10 et 15 jours \u00e0 destination avec une assurance tous risques.<\/li>\n<li>Possibilit\u00e9 d&rsquo;enl\u00e8vement au magasin<\/li>\n<li>Le lavabo doit toujours \u00eatre plac\u00e9 au centre, sauf indication contraire.<\/li>\n<\/ul>\n<p>Pour d&rsquo;<strong>autres tailles et\/ou motifs, <\/strong>veuillez nous demander le prix en remplissant le formulaire suivant :<\/p>\n\n<div class=\"wpcf7 no-js\" id=\"wpcf7-f24075-o1\" lang=\"fr-FR\" dir=\"ltr\" data-wpcf7-id=\"24075\">\n<div class=\"screen-reader-response\"><p role=\"status\" aria-live=\"polite\" aria-atomic=\"true\"><\/p> <ul><\/ul><\/div>\n<form action=\"\/fr\/wp-json\/wp\/v2\/product\/22075#wpcf7-f24075-o1\" method=\"post\" class=\"wpcf7-form init\" aria-label=\"Formulaire de contact\" novalidate=\"novalidate\" data-status=\"init\">\n<fieldset class=\"hidden-fields-container\"><input type=\"hidden\" name=\"_wpcf7\" value=\"24075\" \/><input type=\"hidden\" name=\"_wpcf7_version\" value=\"6.1.5\" \/><input type=\"hidden\" name=\"_wpcf7_locale\" value=\"fr_FR\" \/><input type=\"hidden\" name=\"_wpcf7_unit_tag\" value=\"wpcf7-f24075-o1\" \/><input type=\"hidden\" name=\"_wpcf7_container_post\" value=\"0\" \/><input type=\"hidden\" name=\"_wpcf7_posted_data_hash\" value=\"\" \/><input type=\"hidden\" name=\"_wpcf7_recaptcha_response\" value=\"\" \/>\n<\/fieldset>\n<p><label> Votre nom (obligatoire)<br \/>\n<span class=\"wpcf7-form-control-wrap\" data-name=\"your-name\"><input size=\"40\" maxlength=\"400\" class=\"wpcf7-form-control wpcf7-text wpcf7-validates-as-required\" aria-required=\"true\" aria-invalid=\"false\" value=\"\" type=\"text\" name=\"your-name\" \/><\/span> <\/label>\n<\/p>\n<p><label> Votre adresse \u00e9lectronique (obligatoire)<br \/>\n<span class=\"wpcf7-form-control-wrap\" data-name=\"your-email\"><input size=\"40\" maxlength=\"400\" class=\"wpcf7-form-control wpcf7-email wpcf7-validates-as-required wpcf7-text wpcf7-validates-as-email\" aria-required=\"true\" aria-invalid=\"false\" value=\"\" type=\"email\" name=\"your-email\" \/><\/span> <\/label>\n<\/p>\n<p><label> Sujet<br \/>\n<span class=\"wpcf7-form-control-wrap\" data-name=\"your-subject\"><input size=\"40\" maxlength=\"400\" class=\"wpcf7-form-control wpcf7-text\" aria-invalid=\"false\" value=\"\" type=\"text\" name=\"your-subject\" \/><\/span> <\/label>\n<\/p>\n<p><label> Votre message<br \/>\n<span class=\"wpcf7-form-control-wrap\" data-name=\"your-message\"><textarea cols=\"40\" rows=\"10\" maxlength=\"2000\" class=\"wpcf7-form-control wpcf7-textarea\" aria-invalid=\"false\" name=\"your-message\"><\/textarea><\/span> <\/label>\n<\/p>\n<span class=\"wpcf7-form-control-wrap recaptcha\" data-name=\"recaptcha\"><span data-sitekey=\"6LdyPHYdAAAAAHFhd1NYomufC5wJNm2cZCYyeclD\" class=\"wpcf7-form-control wpcf7-recaptcha g-recaptcha\"><\/span>\r\n<noscript>\r\n\t<div class=\"grecaptcha-noscript\">\r\n\t\t<iframe src=\"https:\/\/www.google.com\/recaptcha\/api\/fallback?k=6LdyPHYdAAAAAHFhd1NYomufC5wJNm2cZCYyeclD\" frameborder=\"0\" scrolling=\"no\" width=\"310\" height=\"430\">\r\n\t\t<\/iframe>\r\n\t\t<textarea name=\"g-recaptcha-response\" rows=\"3\" cols=\"40\" placeholder=\"reCaptcha Response Here\">\r\n\t\t<\/textarea>\r\n\t<\/div>\r\n<\/noscript>\r\n<\/span>\n<p><input class=\"wpcf7-form-control wpcf7-submit has-spinner\" type=\"submit\" value=\"Solicitar precio\" \/>\n<\/p><div class=\"wpcf7-response-output\" aria-hidden=\"true\"><\/div>\n<\/form>\n<\/div>\n\n","protected":false},"excerpt":{"rendered":"<p data-path-to-node=\"12\"><span class=\"citation-19\">Plan de travail suspendu haut de gamme en <\/span><b data-path-to-node=\"12\" data-index-in-node=\"46\"><span class=\"citation-19\">surface solide<\/span><\/b><span class=\"citation-19 citation-end-19\">.<\/span> <span class=\"citation-18 citation-end-18\">Un design contemporain qui fusionne le lavabo et le plan de travail en une seule pi\u00e8ce continue, garantissant une hygi\u00e8ne et une r\u00e9sistance maximales.<\/span><\/p>\n<p data-path-to-node=\"13\"><b data-path-to-node=\"13\" data-index-in-node=\"0\">Caract\u00e9ristiques principales :<\/b><\/p>\n<ul data-path-to-node=\"14\">\n<li>\n<p data-path-to-node=\"14,0,0\"><b data-path-to-node=\"14,0,0\" data-index-in-node=\"0\">Mat\u00e9riau de premi\u00e8re qualit\u00e9 :<\/b> surface solide. <span class=\"citation-17 citation-end-17\">Antibact\u00e9rien, non poreux et enti\u00e8rement r\u00e9parable.<\/span><\/p>\n<\/li>\n<li>\n<p data-path-to-node=\"14,1,0\"><b data-path-to-node=\"14,1,0\" data-index-in-node=\"0\">Lavabo int\u00e9gr\u00e9 :<\/b><span class=\"citation-16\"> <strong>lavabo mesurant 53&rsquo;5 x 28 x 11cm<\/strong><\/span><\/p>\n<\/li>\n<li><strong>Valve clic clac : <\/strong>Choix de surface solide, noir ou acier blanc.<strong> <\/strong><\/li>\n<li>\n<p data-path-to-node=\"14,2,0\"><b data-path-to-node=\"14,2,0\" data-index-in-node=\"0\">Dimensions<\/b> personnalis\u00e9es <b data-path-to-node=\"14,2,0\" data-index-in-node=\"0\">:<\/b> personnalisez la longueur, la profondeur et la hauteur de la jupe du plan de travail en fonction de vos besoins.<\/p>\n<\/li>\n<li>\n<p data-path-to-node=\"14,3,0\"><b data-path-to-node=\"14,3,0\" data-index-in-node=\"0\">Robinetterie :<\/b> option usin\u00e9e pour les robinets de comptoir (trou \u00d8 35 mm) ou lisse pour les robinets muraux.<\/p>\n<\/li>\n<li>\n<p data-path-to-node=\"14,4,0\"><b data-path-to-node=\"14,4,0\" data-index-in-node=\"0\"><span class=\"citation-15\">Installation facile<\/span><\/b><\/p>\n<\/li>\n<\/ul>\n<p>&nbsp;<\/p>\n<p><strong><em>Pour d&rsquo;autres tailles et\/ou mod\u00e8les, demandez des informations via le formulaire ci-dessous.<\/em><\/strong><\/p>\n","protected":false},"featured_media":33215,"template":"","meta":{"site-sidebar-layout":"default","site-content-layout":"default","ast-site-content-layout":"default","site-content-style":"default","site-sidebar-style":"default","ast-global-header-display":"","ast-banner-title-visibility":"","ast-main-header-display":"","ast-hfb-above-header-display":"","ast-hfb-below-header-display":"","ast-hfb-mobile-header-display":"","site-post-title":"","ast-breadcrumbs-content":"","ast-featured-img":"","footer-sml-layout":"","ast-disable-related-posts":"","theme-transparent-header-meta":"default","adv-header-id-meta":"","stick-header-meta":"","header-above-stick-meta":"","header-main-stick-meta":"","header-below-stick-meta":"","astra-migrate-meta-layouts":"set","ast-page-background-enabled":"default","ast-page-background-meta":{"desktop":{"background-color":"","background-image":"","background-repeat":"repeat","background-position":"center center","background-size":"auto","background-attachment":"scroll","background-type":"","background-media":"","overlay-type":"","overlay-color":"","overlay-opacity":"","overlay-gradient":""},"tablet":{"background-color":"","background-image":"","background-repeat":"repeat","background-position":"center center","background-size":"auto","background-attachment":"scroll","background-type":"","background-media":"","overlay-type":"","overlay-color":"","overlay-opacity":"","overlay-gradient":""},"mobile":{"background-color":"","background-image":"","background-repeat":"repeat","background-position":"center center","background-size":"auto","background-attachment":"scroll","background-type":"","background-media":"","overlay-type":"","overlay-color":"","overlay-opacity":"","overlay-gradient":""}},"ast-content-background-meta":{"desktop":{"background-color":"var(--ast-global-color-5)","background-image":"","background-repeat":"repeat","background-position":"center center","background-size":"auto","background-attachment":"scroll","background-type":"","background-media":"","overlay-type":"","overlay-color":"","overlay-opacity":"","overlay-gradient":""},"tablet":{"background-color":"var(--ast-global-color-5)","background-image":"","background-repeat":"repeat","background-position":"center center","background-size":"auto","background-attachment":"scroll","background-type":"","background-media":"","overlay-type":"","overlay-color":"","overlay-opacity":"","overlay-gradient":""},"mobile":{"background-color":"var(--ast-global-color-5)","background-image":"","background-repeat":"repeat","background-position":"center center","background-size":"auto","background-attachment":"scroll","background-type":"","background-media":"","overlay-type":"","overlay-color":"","overlay-opacity":"","overlay-gradient":""}},"_joinchat":[]},"product_brand":[],"product_cat":[249],"product_tag":[],"class_list":{"0":"post-22075","1":"product","2":"type-product","3":"status-publish","4":"has-post-thumbnail","6":"product_cat-vasque-en-solid-surface-avec-plan-de-travail-pour-meuble","7":"desktop-align-center","8":"tablet-align-center","9":"mobile-align-center","10":"ast-product-gallery-layout-horizontal","11":"ast-product-tabs-layout-horizontal","13":"first","14":"instock","15":"shipping-taxable","16":"purchasable","17":"product-type-simple"},"_links":{"self":[{"href":"https:\/\/www.novellshop.com\/fr\/wp-json\/wp\/v2\/product\/22075","targetHints":{"allow":["GET"]}}],"collection":[{"href":"https:\/\/www.novellshop.com\/fr\/wp-json\/wp\/v2\/product"}],"about":[{"href":"https:\/\/www.novellshop.com\/fr\/wp-json\/wp\/v2\/types\/product"}],"wp:featuredmedia":[{"embeddable":true,"href":"https:\/\/www.novellshop.com\/fr\/wp-json\/wp\/v2\/media\/33215"}],"wp:attachment":[{"href":"https:\/\/www.novellshop.com\/fr\/wp-json\/wp\/v2\/media?parent=22075"}],"wp:term":[{"taxonomy":"product_brand","embeddable":true,"href":"https:\/\/www.novellshop.com\/fr\/wp-json\/wp\/v2\/product_brand?post=22075"},{"taxonomy":"product_cat","embeddable":true,"href":"https:\/\/www.novellshop.com\/fr\/wp-json\/wp\/v2\/product_cat?post=22075"},{"taxonomy":"product_tag","embeddable":true,"href":"https:\/\/www.novellshop.com\/fr\/wp-json\/wp\/v2\/product_tag?post=22075"}],"curies":[{"name":"wp","href":"https:\/\/api.w.org\/{rel}","templated":true}]}}