{"id":22057,"date":"2020-03-01T16:21:38","date_gmt":"2020-03-01T16:21:38","guid":{"rendered":"https:\/\/www.novellshop.com\/producto\/bassin-solid-surface-rondo\/"},"modified":"2024-09-20T08:21:24","modified_gmt":"2024-09-20T08:21:24","slug":"bassin-thermoforme-rondo","status":"publish","type":"product","link":"https:\/\/www.novellshop.com\/fr\/producto\/bassin-thermoforme-rondo\/","title":{"rendered":"Lavabo en Corian Solid Surface Rondo"},"content":{"rendered":"<p>Pour acheter ce lavabo en Corian Solid Surface mod\u00e8le Rondo, vous avez le choix entre plusieurs longueurs et vous pouvez s\u00e9lectionner si vous le voulez avec ou sans trous pour le robinet.<\/p>\n<p>Ce plan<strong> vasque Rondo<\/strong> est enti\u00e8rement r\u00e9alis\u00e9 en<strong> Solid Surface Corian<\/strong>, un mat\u00e9riau exclusif et moderne dont les principales caract\u00e9ristiques sont les suivantes :<\/p>\n<ul>\n<li>Sans articulations.<\/li>\n<li>non poreux<\/li>\n<li>Il est thermoformable<\/li>\n<li>tr\u00e8s r\u00e9sistant<\/li>\n<li>sans entretien<\/li>\n<li>nettoyage facile<\/li>\n<li>enti\u00e8rement r\u00e9parable<\/li>\n<li>Thermor\u00e9gulable (s&rsquo;adapte \u00e0 la temp\u00e9rature ambiante)<\/li>\n<li>100% hygi\u00e9nique<\/li>\n<li>Frais de port inclus.<\/li>\n<\/ul>\n<p><strong>Plus d&rsquo;informations<\/strong> sur ce produit :<\/p>\n<ul>\n<li>Livraison gratuite \u00e0 votre domicile et palettisation gratuite<\/li>\n<li>Entre 10 et 15 jours \u00e0 destination avec une assurance tous risques.<\/li>\n<li>Possibilit\u00e9 d&rsquo;enl\u00e8vement au magasin<\/li>\n<li>Le lavabo doit toujours \u00eatre plac\u00e9 au centre, sauf indication contraire (formulaire).<\/li>\n<\/ul>\n<p>Pour d&rsquo;<strong>autres tailles et\/ou motifs, <\/strong>veuillez nous demander le prix en remplissant le formulaire suivant :<\/p>\n\n<div class=\"wpcf7 no-js\" id=\"wpcf7-f24075-o1\" lang=\"fr-FR\" dir=\"ltr\" data-wpcf7-id=\"24075\">\n<div class=\"screen-reader-response\"><p role=\"status\" aria-live=\"polite\" aria-atomic=\"true\"><\/p> <ul><\/ul><\/div>\n<form action=\"\/fr\/wp-json\/wp\/v2\/product\/22057#wpcf7-f24075-o1\" method=\"post\" class=\"wpcf7-form init\" aria-label=\"Formulaire de contact\" novalidate=\"novalidate\" data-status=\"init\">\n<fieldset class=\"hidden-fields-container\"><input type=\"hidden\" name=\"_wpcf7\" value=\"24075\" \/><input type=\"hidden\" name=\"_wpcf7_version\" value=\"6.1.5\" \/><input type=\"hidden\" name=\"_wpcf7_locale\" value=\"fr_FR\" \/><input type=\"hidden\" name=\"_wpcf7_unit_tag\" value=\"wpcf7-f24075-o1\" \/><input type=\"hidden\" name=\"_wpcf7_container_post\" value=\"0\" \/><input type=\"hidden\" name=\"_wpcf7_posted_data_hash\" value=\"\" \/><input type=\"hidden\" name=\"_wpcf7_recaptcha_response\" value=\"\" \/>\n<\/fieldset>\n<p><label> Votre nom (obligatoire)<br \/>\n<span class=\"wpcf7-form-control-wrap\" data-name=\"your-name\"><input size=\"40\" maxlength=\"400\" class=\"wpcf7-form-control wpcf7-text wpcf7-validates-as-required\" aria-required=\"true\" aria-invalid=\"false\" value=\"\" type=\"text\" name=\"your-name\" \/><\/span> <\/label>\n<\/p>\n<p><label> Votre adresse \u00e9lectronique (obligatoire)<br \/>\n<span class=\"wpcf7-form-control-wrap\" data-name=\"your-email\"><input size=\"40\" maxlength=\"400\" class=\"wpcf7-form-control wpcf7-email wpcf7-validates-as-required wpcf7-text wpcf7-validates-as-email\" aria-required=\"true\" aria-invalid=\"false\" value=\"\" type=\"email\" name=\"your-email\" \/><\/span> <\/label>\n<\/p>\n<p><label> Sujet<br \/>\n<span class=\"wpcf7-form-control-wrap\" data-name=\"your-subject\"><input size=\"40\" maxlength=\"400\" class=\"wpcf7-form-control wpcf7-text\" aria-invalid=\"false\" value=\"\" type=\"text\" name=\"your-subject\" \/><\/span> <\/label>\n<\/p>\n<p><label> Votre message<br \/>\n<span class=\"wpcf7-form-control-wrap\" data-name=\"your-message\"><textarea cols=\"40\" rows=\"10\" maxlength=\"2000\" class=\"wpcf7-form-control wpcf7-textarea\" aria-invalid=\"false\" name=\"your-message\"><\/textarea><\/span> <\/label>\n<\/p>\n<span class=\"wpcf7-form-control-wrap recaptcha\" data-name=\"recaptcha\"><span data-sitekey=\"6LdyPHYdAAAAAHFhd1NYomufC5wJNm2cZCYyeclD\" class=\"wpcf7-form-control wpcf7-recaptcha g-recaptcha\"><\/span>\r\n<noscript>\r\n\t<div class=\"grecaptcha-noscript\">\r\n\t\t<iframe src=\"https:\/\/www.google.com\/recaptcha\/api\/fallback?k=6LdyPHYdAAAAAHFhd1NYomufC5wJNm2cZCYyeclD\" frameborder=\"0\" scrolling=\"no\" width=\"310\" height=\"430\">\r\n\t\t<\/iframe>\r\n\t\t<textarea name=\"g-recaptcha-response\" rows=\"3\" cols=\"40\" placeholder=\"reCaptcha Response Here\">\r\n\t\t<\/textarea>\r\n\t<\/div>\r\n<\/noscript>\r\n<\/span>\n<p><input class=\"wpcf7-form-control wpcf7-submit has-spinner\" type=\"submit\" value=\"Solicitar precio\" \/>\n<\/p><div class=\"wpcf7-response-output\" aria-hidden=\"true\"><\/div>\n<\/form>\n<\/div>\n\n<h4>Qu&rsquo;est-ce que le Corian ?<\/h4>\n<p><img fetchpriority=\"high\" decoding=\"async\" class=\"wp-image-23245 size-medium alignright\" src=\"https:\/\/www.novellshop.com\/wp-content\/uploads\/2023\/02\/accesorios-corian-logo-300x210.png\" alt=\"\" width=\"300\" height=\"210\" srcset=\"https:\/\/www.novellshop.com\/wp-content\/uploads\/2023\/02\/accesorios-corian-logo-300x210.png 300w, https:\/\/www.novellshop.com\/wp-content\/uploads\/2023\/02\/accesorios-corian-logo-1024x718.png 1024w, https:\/\/www.novellshop.com\/wp-content\/uploads\/2023\/02\/accesorios-corian-logo-768x538.png 768w, https:\/\/www.novellshop.com\/wp-content\/uploads\/2023\/02\/accesorios-corian-logo-500x350.png 500w, https:\/\/www.novellshop.com\/wp-content\/uploads\/2023\/02\/accesorios-corian-logo-700x491.png 700w, https:\/\/www.novellshop.com\/wp-content\/uploads\/2023\/02\/accesorios-corian-logo.png 1280w\" sizes=\"(max-width: 300px) 100vw, 300px\" \/>Chaque jour, de plus en plus de personnes d\u00e9cident d&rsquo;utiliser le Corian pour toutes sortes de projets : cuisines, salles de bains, meubles design, accessoires et compl\u00e9ments, &#8230; Si vous faites partie de ceux qui ne connaissent pas encore ce mat\u00e9riau et que vous souhaitez en savoir plus, dans l&rsquo;article d&rsquo;aujourd&rsquo;hui, nous expliquons bri\u00e8vement ce qu&rsquo;est le Corian.<\/p>\n<p>Le Corian est un mat\u00e9riau de surface solide synth\u00e9tique compos\u00e9 d&rsquo;un tiers de r\u00e9sine acrylique et de deux tiers d&rsquo;hydroxyde d&rsquo;aluminium, d\u00e9velopp\u00e9 et fabriqu\u00e9 par la soci\u00e9t\u00e9 am\u00e9ricaine DuPont.<\/p>\n<p>La marque Corian (DuPont) est l&rsquo;une des nombreuses marques qui font partie de la famille Solid Surface, et plus pr\u00e9cis\u00e9ment la premi\u00e8re, puisque c&rsquo;est l&rsquo;entreprise DuPont qui a invent\u00e9 ce mat\u00e9riau et que toutes les autres ont suivi ses traces. Plus pr\u00e9cis\u00e9ment, le Corian a \u00e9t\u00e9 invent\u00e9 en 1967 et commercialis\u00e9 en 1971 au Texas.<\/p>\n<p>En r\u00e9sum\u00e9, le Corian est un mat\u00e9riau exclusif qui, compar\u00e9 \u00e0 d&rsquo;autres mat\u00e9riaux dans les m\u00eames secteurs d&rsquo;application, est tout aussi \u00e9conomique, voire plus, et offre sans aucun doute beaucoup plus.<\/p>\n<h4>Composition du Corian<\/h4>\n<p>Comme nous l&rsquo;avons d\u00e9j\u00e0 dit, 1\/3 est de la r\u00e9sine acrylique (PMMA) et c&rsquo;est cette proportion qui lui donne l&rsquo;\u00e9lasticit\u00e9 et la possibilit\u00e9 d&rsquo;\u00eatre thermoform\u00e9e, ce qui permet d&rsquo;obtenir un nombre infini de designs pour nos accessoires en Corian.<\/p>\n<p>Il est compl\u00e9t\u00e9 par 2\/3 d&rsquo;hydroxyde d&rsquo;aluminium (trihydrate d&rsquo;aluminium), ce qui lui conf\u00e8re sa duret\u00e9 caract\u00e9ristique et sa r\u00e9sistance aux chocs et \u00e0 la chaleur, puisqu&rsquo;il peut supporter jusqu&rsquo;\u00e0 110\u00baC.<\/p>\n","protected":false},"excerpt":{"rendered":"<p>Plan de travail thermoform\u00e9 en <strong>Corian <\/strong>(Solid Surface) avec <strong>lavabo mod\u00e8le Rondo<\/strong> dans le m\u00eame mat\u00e9riau.<\/p>\n<p>Fabriqu\u00e9 en <strong>blanc<\/strong> (Glacier White)<strong>.<\/strong><\/p>\n<p><span style=\"color: #000000;\"><strong>Dimensions du<\/strong> <strong>lavabo<\/strong>: \u00d8 35 cm<em> (toutes les mesures figurent sur les photos)<\/em><\/span><\/p>\n<p><span style=\"color: #000000;\">Convient pour \u00eatre <strong>plac\u00e9 sur un meuble<\/strong>.<\/span><\/p>\n<p><em>Pour d&rsquo;autres tailles et\/ou mod\u00e8les, demandez des informations via le formulaire ci-dessous.<\/em><\/p>\n<p>&nbsp;<\/p>\n","protected":false},"featured_media":21400,"template":"","meta":{"site-sidebar-layout":"default","site-content-layout":"default","ast-site-content-layout":"default","site-content-style":"default","site-sidebar-style":"default","ast-global-header-display":"","ast-banner-title-visibility":"","ast-main-header-display":"","ast-hfb-above-header-display":"","ast-hfb-below-header-display":"","ast-hfb-mobile-header-display":"","site-post-title":"","ast-breadcrumbs-content":"","ast-featured-img":"","footer-sml-layout":"","ast-disable-related-posts":"","theme-transparent-header-meta":"default","adv-header-id-meta":"","stick-header-meta":"","header-above-stick-meta":"","header-main-stick-meta":"","header-below-stick-meta":"","astra-migrate-meta-layouts":"default","ast-page-background-enabled":"default","ast-page-background-meta":{"desktop":{"background-color":"","background-image":"","background-repeat":"repeat","background-position":"center center","background-size":"auto","background-attachment":"scroll","background-type":"","background-media":"","overlay-type":"","overlay-color":"","overlay-opacity":"","overlay-gradient":""},"tablet":{"background-color":"","background-image":"","background-repeat":"repeat","background-position":"center center","background-size":"auto","background-attachment":"scroll","background-type":"","background-media":"","overlay-type":"","overlay-color":"","overlay-opacity":"","overlay-gradient":""},"mobile":{"background-color":"","background-image":"","background-repeat":"repeat","background-position":"center center","background-size":"auto","background-attachment":"scroll","background-type":"","background-media":"","overlay-type":"","overlay-color":"","overlay-opacity":"","overlay-gradient":""}},"ast-content-background-meta":{"desktop":{"background-color":"var(--ast-global-color-5)","background-image":"","background-repeat":"repeat","background-position":"center center","background-size":"auto","background-attachment":"scroll","background-type":"","background-media":"","overlay-type":"","overlay-color":"","overlay-opacity":"","overlay-gradient":""},"tablet":{"background-color":"var(--ast-global-color-5)","background-image":"","background-repeat":"repeat","background-position":"center center","background-size":"auto","background-attachment":"scroll","background-type":"","background-media":"","overlay-type":"","overlay-color":"","overlay-opacity":"","overlay-gradient":""},"mobile":{"background-color":"var(--ast-global-color-5)","background-image":"","background-repeat":"repeat","background-position":"center center","background-size":"auto","background-attachment":"scroll","background-type":"","background-media":"","overlay-type":"","overlay-color":"","overlay-opacity":"","overlay-gradient":""}},"_joinchat":[]},"product_brand":[],"product_cat":[169,249,225,227],"product_tag":[],"class_list":{"0":"post-22057","1":"product","2":"type-product","3":"status-publish","4":"has-post-thumbnail","6":"product_cat-vasques-en-solid-surface","7":"product_cat-vasque-en-solid-surface-avec-plan-de-travail-pour-meuble","8":"product_cat-vasques-a-comptoir-a-solid-surface","9":"product_cat-vasques-suspendues-en-solid-surface","10":"desktop-align-center","11":"tablet-align-center","12":"mobile-align-center","13":"ast-product-gallery-layout-horizontal","14":"ast-product-single-variable","15":"ast-product-tabs-layout-horizontal","17":"first","18":"instock","19":"shipping-taxable","20":"purchasable","21":"product-type-variable","22":"has-default-attributes"},"_links":{"self":[{"href":"https:\/\/www.novellshop.com\/fr\/wp-json\/wp\/v2\/product\/22057","targetHints":{"allow":["GET"]}}],"collection":[{"href":"https:\/\/www.novellshop.com\/fr\/wp-json\/wp\/v2\/product"}],"about":[{"href":"https:\/\/www.novellshop.com\/fr\/wp-json\/wp\/v2\/types\/product"}],"wp:featuredmedia":[{"embeddable":true,"href":"https:\/\/www.novellshop.com\/fr\/wp-json\/wp\/v2\/media\/21400"}],"wp:attachment":[{"href":"https:\/\/www.novellshop.com\/fr\/wp-json\/wp\/v2\/media?parent=22057"}],"wp:term":[{"taxonomy":"product_brand","embeddable":true,"href":"https:\/\/www.novellshop.com\/fr\/wp-json\/wp\/v2\/product_brand?post=22057"},{"taxonomy":"product_cat","embeddable":true,"href":"https:\/\/www.novellshop.com\/fr\/wp-json\/wp\/v2\/product_cat?post=22057"},{"taxonomy":"product_tag","embeddable":true,"href":"https:\/\/www.novellshop.com\/fr\/wp-json\/wp\/v2\/product_tag?post=22057"}],"curies":[{"name":"wp","href":"https:\/\/api.w.org\/{rel}","templated":true}]}}