{"id":22037,"date":"2018-06-18T06:57:57","date_gmt":"2018-06-18T06:57:57","guid":{"rendered":"https:\/\/www.novellshop.com\/qui-sommes-nous\/"},"modified":"2025-12-10T19:27:48","modified_gmt":"2025-12-10T19:27:48","slug":"qui-sommes-nous","status":"publish","type":"page","link":"https:\/\/www.novellshop.com\/fr\/qui-sommes-nous\/","title":{"rendered":"Novell Equipament : 36 ans d&rsquo;exp\u00e9rience dans le domaine de la surface solide"},"content":{"rendered":"<p><img fetchpriority=\"high\" decoding=\"async\" src=\"https:\/\/www.novellshop.com\/wp-content\/uploads\/2020\/03\/IMG_4130-1-1536x496.jpg\" sizes=\"(max-width: 1536px) 100vw, 1536px\" srcset=\"https:\/\/www.novellshop.com\/wp-content\/uploads\/2020\/03\/IMG_4130-1-1536x496.jpg 1536w, https:\/\/www.novellshop.com\/wp-content\/uploads\/2020\/03\/IMG_4130-1-300x97.jpg 300w, https:\/\/www.novellshop.com\/wp-content\/uploads\/2020\/03\/IMG_4130-1-1024x330.jpg 1024w, https:\/\/www.novellshop.com\/wp-content\/uploads\/2020\/03\/IMG_4130-1-768x248.jpg 768w, https:\/\/www.novellshop.com\/wp-content\/uploads\/2020\/03\/IMG_4130-1-2048x661.jpg 2048w, https:\/\/www.novellshop.com\/wp-content\/uploads\/2020\/03\/IMG_4130-1-500x161.jpg 500w, https:\/\/www.novellshop.com\/wp-content\/uploads\/2020\/03\/IMG_4130-1-700x226.jpg 700w\" alt=\"\" width=\"1536\" height=\"496\"><\/p>\n<h2 data-start=\"215\" data-end=\"316\"><strong data-start=\"218\" data-end=\"316\">L&rsquo;histoire de Novell Equipament : 36 ans \u00e0 transformer Solid Surface en projets avec une \u00e2me<\/strong><\/h2>\n<p data-start=\"318\" data-end=\"769\">Il y a plus de <strong data-start=\"330\" data-end=\"341\">36 ans<\/strong>, alors que le Solid Surface \u00e9tait encore un mat\u00e9riau pratiquement inconnu en Espagne, notre famille a pris une d\u00e9cision qui allait marquer tout ce qui allait suivre : s&rsquo;engager dans un mat\u00e9riau innovant, polyvalent et capable d&rsquo;am\u00e9liorer la fa\u00e7on dont les espaces sont con\u00e7us.<br data-start=\"610\" data-end=\"613\">C&rsquo;est ainsi qu&rsquo;est n\u00e9 <strong data-start=\"623\" data-end=\"644\">Novell Equipament<\/strong>, un petit atelier familial avec une id\u00e9e tr\u00e8s claire : faire les choses bien, avec comp\u00e9tence, d\u00e9vouement et respect de chaque d\u00e9tail.<\/p>\n<h3 data-start=\"771\" data-end=\"795\"><strong data-start=\"775\" data-end=\"795\">Nos d\u00e9buts<\/strong><\/h3>\n<p data-start=\"796\" data-end=\"1099\">Les premi\u00e8res ann\u00e9es ont \u00e9t\u00e9 celles de l&rsquo;artisanat pur. Il n&rsquo;y avait pas de machines modernes, pas de processus standardis\u00e9s, pas de clients qui connaissaient vraiment le potentiel du Solid Surface. Il y a cependant eu de <strong data-start=\"977\" data-end=\"1008\">nombreuses heures d&rsquo;apprentissage<\/strong>, beaucoup d&rsquo;essais et d&rsquo;erreurs, et une ferme conviction : ce mat\u00e9riau pouvait offrir quelque chose de diff\u00e9rent.  <\/p>\n<p data-start=\"1101\" data-end=\"1322\">Au fil du temps, nous nous sommes d\u00e9velopp\u00e9s. De nouveaux projets, de nouveaux professionnels et de nouveaux outils sont arriv\u00e9s. Ce qui a commenc\u00e9 comme un atelier familial est devenu une r\u00e9f\u00e9rence dans la transformation du Solid Surface.  <\/p>\n<h3 data-start=\"1324\" data-end=\"1371\"><strong data-start=\"1328\" data-end=\"1371\">Une entreprise familiale qui reste une entreprise familiale<\/strong><\/h3>\n<p data-start=\"1372\" data-end=\"1547\">Bien que nous travaillions aujourd&rsquo;hui avec des technologies modernes et une \u00e9quipe plus importante, l&rsquo;essence reste intacte :<br data-start=\"1474\" data-end=\"1477\"><strong data-start=\"1477\" data-end=\"1507\">est une entreprise familiale<\/strong>, et cela se voit dans notre fa\u00e7on de travailler.<\/p>\n<p data-start=\"1549\" data-end=\"1813\">Chaque plan de travail, chaque lavabo, chaque pi\u00e8ce qui sort de l&rsquo;atelier passe par des mains expertes qui connaissent le m\u00e9tier depuis des d\u00e9cennies. Rien n&rsquo;est fait de mani\u00e8re industrielle ou impersonnelle. Nous aspirons \u00e0 la qualit\u00e9, \u00e0 la durabilit\u00e9 et \u00e0 ce que le client sente que son projet est entre de bonnes mains.  <\/p>\n<h3 data-start=\"1815\" data-end=\"1863\"><strong data-start=\"1819\" data-end=\"1863\">Une croissance r\u00e9elle, sans perte de valeurs<\/strong><\/h3>\n<p data-start=\"1864\" data-end=\"2037\">En 36 ans, nous avons tout connu :<br data-start=\"1896\" data-end=\"1899\">&#8211; les changements du march\u00e9<br data-start=\"1919\" data-end=\"1922\">&#8211; les crises \u00e9conomiques<br data-start=\"1941\" data-end=\"1944\">&#8211; les nouvelles tendances en mati\u00e8re d&rsquo;am\u00e9nagement int\u00e9rieur<br data-start=\"1979\" data-end=\"1982\">&#8211; la concurrence croissante<br data-start=\"2005\" data-end=\"2008\">&#8211; les temps incertains<\/p>\n<p data-start=\"2039\" data-end=\"2194\">Et pourtant, nous sommes toujours l\u00e0.<br data-start=\"2064\" data-end=\"2067\"><strong data-start=\"2067\" data-end=\"2096\">Nous avons grandi pas \u00e0 pas<\/strong>, en surmontant les difficult\u00e9s et en nous r\u00e9inventant lorsque c&rsquo;\u00e9tait n\u00e9cessaire, mais sans perdre nos valeurs :<\/p>\n<ul data-start=\"2195\" data-end=\"2264\">\n<li data-start=\"2195\" data-end=\"2209\">\n<p data-start=\"2197\" data-end=\"2209\">honn\u00eatet\u00e9<\/p>\n<\/li>\n<li data-start=\"2210\" data-end=\"2221\">\n<p data-start=\"2212\" data-end=\"2221\">qualit\u00e9<\/p>\n<\/li>\n<li data-start=\"2222\" data-end=\"2239\">\n<p data-start=\"2224\" data-end=\"2239\">traitement rapproch\u00e9<\/p>\n<\/li>\n<li data-start=\"2240\" data-end=\"2264\">\n<p data-start=\"2242\" data-end=\"2264\">engagement artisanal<\/p>\n<\/li>\n<\/ul>\n<h3 data-start=\"2266\" data-end=\"2316\"><strong data-start=\"2270\" data-end=\"2316\">De l&rsquo;atelier \u00e0 l&rsquo;internet : naissance de Novellshop.com<\/strong><\/h3>\n<p data-start=\"2317\" data-end=\"2606\">Au fil du temps, nous avons compris que de nombreux clients recherchaient des produits Solid Surface pr\u00eats \u00e0 \u00eatre install\u00e9s, sans d\u00e9pendre d&rsquo;un projet complet. C&rsquo;est ainsi qu&rsquo;est n\u00e9 <strong data-start=\"2471\" data-end=\"2489\">Novellshop.com<\/strong>, notre boutique en ligne, o\u00f9 nous proposons des lavabos, des accessoires et des produits fabriqu\u00e9s directement dans notre atelier. <\/p>\n<p data-start=\"2608\" data-end=\"2740\">Il s&rsquo;agit d&rsquo;une \u00e9tape naturelle dans notre \u00e9volution : combiner l&rsquo;artisanat traditionnel avec la modernit\u00e9 et la rapidit\u00e9 du commerce en ligne.<\/p>\n<h3 data-start=\"2742\" data-end=\"2772\"><strong data-start=\"2746\" data-end=\"2772\">Perspectives d&rsquo;avenir<\/strong><\/h3>\n<p data-start=\"2773\" data-end=\"3056\">Aujourd&rsquo;hui, apr\u00e8s plus de trois d\u00e9cennies, nous continuons avec le m\u00eame enthousiasme qu&rsquo;au premier jour. Chaque pi\u00e8ce que nous fabriquons exprime ce que nous sommes : <br data-start=\"2906\" data-end=\"2909\"><strong data-start=\"2909\" data-end=\"3056\">une famille d\u00e9di\u00e9e au Solid Surface, fi\u00e8re de son m\u00e9tier et engag\u00e9e dans la cr\u00e9ation de produits qui durent et apportent une r\u00e9elle valeur ajout\u00e9e aux espaces.<\/strong><\/p>\n<p data-start=\"3058\" data-end=\"3271\">Et si nous avons appris quelque chose en cours de route, c&rsquo;est que la croissance ne vient pas seulement des bonnes saisons, mais aussi du fait de savoir tenir bon m\u00eame lorsque des obstacles apparaissent.<br data-start=\"3234\" data-end=\"3237\">C&rsquo;est ce qui nous a toujours motiv\u00e9s.<\/p>\n<hr data-start=\"3273\" data-end=\"3276\">\n<h3>Si vous avez des questions ou pour plus d&rsquo;informations, vous pouvez nous contacter sans probl\u00e8me.<\/h3>\n<ul>\n<li>686800670<\/li>\n<li>info@novellshop.com<\/li>\n<li>C\/ Bruc, 26, Lleida<\/li>\n<\/ul>\n<p>Vous trouverez ci-dessous quelques-unes des questions les plus courantes (questions fr\u00e9quemment pos\u00e9es ou FAQ) lorsque vous effectuez des achats dans notre boutique en ligne.<\/p>\n<p><a tabindex=\"0\">Comment acheter mon plan vasque ?<\/a><\/p>\n<p>Lorsque vous vous trouvez dans la section \u00ab\u00a0Plans de lavabo sur mesure\u00a0\u00bb, s\u00e9lectionnez le lavabo qui vous pla\u00eet et indiquez les mesures et les param\u00e8tres que vous souhaitez. Il en va de m\u00eame pour les meubles de salle de bain<br \/>\nSi vous avez des questions ou si vous souhaitez accompagner le processus d&rsquo;achat par t\u00e9l\u00e9phone, courrier ou whatsapp, nous nous ferons un plaisir de vous aider. <\/p>\n<p>info@novellshop.com<\/p>\n<p>T\u00e9l.686800670<\/p>\n<p><a tabindex=\"0\">Comment puis-je payer?<\/a><\/p>\n<p><strong>PayPal :<\/strong> Paiement normal en acc\u00e9dant \u00e0 votre compte Paypal.<\/p>\n<p><strong>Carte bancaire :<\/strong> via notre passerelle de paiement.<\/p>\n<p><strong>Virement bancaire :<\/strong> Si vous s\u00e9lectionnez cette option, \u00e0 la fin du processus, nous vous fournirons le num\u00e9ro de compte sur lequel vous devez effectuer le virement, en mettant le num\u00e9ro de commande dans le concept. Plus tard, vous devrez envoyer une preuve de paiement par e-mail pour commencer la fabrication.<\/p>\n<p><strong>Dans tous les cas, avant de commencer la fabrication, nous vous contacterons pour v\u00e9rifier toutes les donn\u00e9es de fabrication et d&rsquo;exp\u00e9dition afin qu&rsquo;il n&rsquo;y ait aucun doute.<\/strong><\/p>\n<p><a tabindex=\"0\">Exp\u00e9ditions<\/a><\/p>\n<p>\u00b7 La palettisation et l&rsquo;exp\u00e9dition du produit sont gratuites dans tous nos produits.<\/p>\n<p>\u00b7 De 5 \u00e0 18 jours \u00e0 domicile, selon le produit (consulter).<\/p>\n<p>\u00b7 Assurance compl\u00e8te incluse dans tous les produits.<\/p>\n<p><strong>Nous vous demandons \u00e9galement de v\u00e9rifier le produit au moment de la r\u00e9ception et si le produit arrive endommag\u00e9 ou avec un quelconque incident, de prendre des photos \u00ab\u00a0in situ\u00a0\u00bb de ceux-ci afin de pouvoir faire la r\u00e9clamation aupr\u00e8s du transporteur et ainsi proc\u00e9der au retour dans les 14 jours suivants.<\/strong><\/p>\n<p><a tabindex=\"0\">Il est professionnel ?<\/a><\/p>\n<p>Si vous \u00eates constructeur, d\u00e9corateur, architecte, designer, etc. Nous vous invitons \u00e0 nous contacter et \u00e0 vous faire conna\u00eetre afin d&rsquo;\u00e9valuer le projet.<\/p>\n","protected":false},"excerpt":{"rendered":"<p>L&rsquo;histoire de Novell Equipament : 36 ans \u00e0 transformer Solid Surface en projets avec une \u00e2me Il y a plus de 36 ans, alors que le Solid Surface \u00e9tait encore un mat\u00e9riau pratiquement inconnu en Espagne, notre famille a pris une d\u00e9cision qui allait marquer tout ce qui allait suivre : s&rsquo;engager dans un mat\u00e9riau [&hellip;]<\/p>\n","protected":false},"author":1,"featured_media":0,"parent":0,"menu_order":0,"comment_status":"closed","ping_status":"closed","template":"","meta":{"site-sidebar-layout":"default","site-content-layout":"page-builder","ast-site-content-layout":"default","site-content-style":"default","site-sidebar-style":"unboxed","ast-global-header-display":"","ast-banner-title-visibility":"","ast-main-header-display":"","ast-hfb-above-header-display":"","ast-hfb-below-header-display":"","ast-hfb-mobile-header-display":"","site-post-title":"","ast-breadcrumbs-content":"","ast-featured-img":"disabled","footer-sml-layout":"","ast-disable-related-posts":"","theme-transparent-header-meta":"disabled","adv-header-id-meta":"","stick-header-meta":"","header-above-stick-meta":"","header-main-stick-meta":"","header-below-stick-meta":"","astra-migrate-meta-layouts":"default","ast-page-background-enabled":"default","ast-page-background-meta":{"desktop":{"background-color":"","background-image":"","background-repeat":"repeat","background-position":"center center","background-size":"auto","background-attachment":"scroll","background-type":"","background-media":"","overlay-type":"","overlay-color":"","overlay-opacity":"","overlay-gradient":""},"tablet":{"background-color":"","background-image":"","background-repeat":"repeat","background-position":"center center","background-size":"auto","background-attachment":"scroll","background-type":"","background-media":"","overlay-type":"","overlay-color":"","overlay-opacity":"","overlay-gradient":""},"mobile":{"background-color":"","background-image":"","background-repeat":"repeat","background-position":"center center","background-size":"auto","background-attachment":"scroll","background-type":"","background-media":"","overlay-type":"","overlay-color":"","overlay-opacity":"","overlay-gradient":""}},"ast-content-background-meta":{"desktop":{"background-color":"var(--ast-global-color-5)","background-image":"","background-repeat":"repeat","background-position":"center center","background-size":"auto","background-attachment":"scroll","background-type":"","background-media":"","overlay-type":"","overlay-color":"","overlay-opacity":"","overlay-gradient":""},"tablet":{"background-color":"var(--ast-global-color-5)","background-image":"","background-repeat":"repeat","background-position":"center center","background-size":"auto","background-attachment":"scroll","background-type":"","background-media":"","overlay-type":"","overlay-color":"","overlay-opacity":"","overlay-gradient":""},"mobile":{"background-color":"var(--ast-global-color-5)","background-image":"","background-repeat":"repeat","background-position":"center center","background-size":"auto","background-attachment":"scroll","background-type":"","background-media":"","overlay-type":"","overlay-color":"","overlay-opacity":"","overlay-gradient":""}},"_joinchat":[],"footnotes":""},"class_list":["post-22037","page","type-page","status-publish","hentry"],"_links":{"self":[{"href":"https:\/\/www.novellshop.com\/fr\/wp-json\/wp\/v2\/pages\/22037","targetHints":{"allow":["GET"]}}],"collection":[{"href":"https:\/\/www.novellshop.com\/fr\/wp-json\/wp\/v2\/pages"}],"about":[{"href":"https:\/\/www.novellshop.com\/fr\/wp-json\/wp\/v2\/types\/page"}],"author":[{"embeddable":true,"href":"https:\/\/www.novellshop.com\/fr\/wp-json\/wp\/v2\/users\/1"}],"replies":[{"embeddable":true,"href":"https:\/\/www.novellshop.com\/fr\/wp-json\/wp\/v2\/comments?post=22037"}],"version-history":[{"count":9,"href":"https:\/\/www.novellshop.com\/fr\/wp-json\/wp\/v2\/pages\/22037\/revisions"}],"predecessor-version":[{"id":32138,"href":"https:\/\/www.novellshop.com\/fr\/wp-json\/wp\/v2\/pages\/22037\/revisions\/32138"}],"wp:attachment":[{"href":"https:\/\/www.novellshop.com\/fr\/wp-json\/wp\/v2\/media?parent=22037"}],"curies":[{"name":"wp","href":"https:\/\/api.w.org\/{rel}","templated":true}]}}