{"id":22032,"date":"2020-02-13T22:34:00","date_gmt":"2020-02-13T22:34:00","guid":{"rendered":"https:\/\/www.novellshop.com\/avis-juridique\/"},"modified":"2024-01-25T08:59:15","modified_gmt":"2024-01-25T08:59:15","slug":"avis-juridique","status":"publish","type":"page","link":"https:\/\/www.novellshop.com\/fr\/avis-juridique\/","title":{"rendered":"Avis juridique"},"content":{"rendered":"&#13;\n<h4 class=\"wp-block-heading\"><strong>LA POSSESSION<\/strong><\/h4>&#13;\n&#13;\n<p><strong>Nom :<\/strong> Novell Equipament, SL<br\/><strong>Si\u00e8ge social : <\/strong>C\/ Bruc, 23 Entresuelo 2\u00aa, 25001 Lleida<br\/><strong>CIF :<\/strong> B25359282<br\/>Registre du commerce de Lleida, tome 427 de la section g\u00e9n\u00e9rale, folio 133, num\u00e9ro de page L-7.993, 2e inscription<br\/><strong>T\u00e9l\u00e9phone :<\/strong> 973 202 548<br\/>T\u00e9l\u00e9copie : 973 211 360<br\/><strong>Courriel :<\/strong> novell@novellweb.com<br\/><strong>Nom de domaine :<\/strong> www.novellshop.com<br\/>Ci-apr\u00e8s, PRESTATAIRE<\/p>&#13;\n&#13;\n<h4 class=\"wp-block-heading\"><strong>OBJET<\/strong><\/h4>&#13;\n&#13;\n<p>Le FOURNISSEUR, responsable du site Web, met ce document \u00e0 la disposition des utilisateurs avec lesquels il entend se conformer aux obligations \u00e9nonc\u00e9es dans la loi 34\/2002, sur les services de la soci\u00e9t\u00e9 de l&rsquo;information et du commerce \u00e9lectronique (LSSI-CE), ainsi que d&rsquo;informer tous les utilisateurs du site Web sur les conditions d&rsquo;utilisation du site Web. Toute personne qui acc\u00e8de \u00e0 ce site Web assume le r\u00f4le d&rsquo;utilisateur, s&rsquo;engageant \u00e0 observer et \u00e0 respecter strictement les dispositions \u00e9nonc\u00e9es dans les pr\u00e9sentes, ainsi que toute autre disposition l\u00e9gale applicable.<br\/>Le PRESTATAIRE se r\u00e9serve le droit de modifier tout type d&rsquo;informations pouvant appara\u00eetre sur le site, sans qu&rsquo;il n&rsquo;y ait d&rsquo;obligation de pr\u00e9avis ou d&rsquo;informer les utilisateurs de ces obligations, la publication sur le site du PRESTATAIRE \u00e9tant consid\u00e9r\u00e9e comme suffisante.<br\/><strong>PROTECTION DES DONN\u00c9ES PERSONNELLES<\/strong> Nous vous informons qu&rsquo;\u00e0 tout moment vous pouvez exercer vos droits d&rsquo;acc\u00e8s, de rectification, d&rsquo;annulation et d&rsquo;opposition concernant vos donn\u00e9es personnelles, en \u00e9crivant \u00e0 NOVELL EQUIPAMENT, Avenida Valencia, 13. 25001 LLEIDA, en joignant une photocopie de votre carte d&rsquo;identit\u00e9 ou d&rsquo;un autre document d&rsquo;identification, ou en envoyant un courrier \u00e9lectronique \u00e0 : <em>novell@novellweb.com<\/em><\/p>&#13;\n&#13;\n<h4 class=\"wp-block-heading\"><strong>RESPONSABILIT\u00c9<\/strong><\/h4>&#13;\n&#13;\n<p>Le PRESTATAIRE est exon\u00e9r\u00e9 de tout type de responsabilit\u00e9 d\u00e9coulant des informations publi\u00e9es sur son site Web, \u00e0 condition que ces informations aient \u00e9t\u00e9 manipul\u00e9es ou introduites par un tiers qui ne lui est pas li\u00e9.<br\/>Depuis le site Web du client, il est possible d&rsquo;\u00eatre redirig\u00e9 vers des contenus provenant de sites Web tiers.<br\/>\u00c9tant donn\u00e9 que le PRESTATAIRE ne peut pas toujours contr\u00f4ler les contenus introduits par des tiers sur leurs sites Web, il n&rsquo;assume aucun type de responsabilit\u00e9 \u00e0 l&rsquo;\u00e9gard de ces contenus.<br\/>Dans tous les cas, le PRESTATAIRE d\u00e9clare qu&rsquo;il proc\u00e9dera au retrait imm\u00e9diat de tout contenu qui pourrait contrevenir \u00e0 la l\u00e9gislation nationale ou internationale, aux bonnes m\u0153urs ou \u00e0 l&rsquo;ordre public, en proc\u00e9dant au retrait imm\u00e9diat de la redirection vers ledit site, en informant les autorit\u00e9s comp\u00e9tentes du contenu question.<\/p>&#13;\n&#13;\n<p>Conform\u00e9ment aux dispositions de l&rsquo;art. 11 et 16 de la LSSI-CE, le PRESTATAIRE se met \u00e0 la disposition de tous les utilisateurs, autorit\u00e9s et forces de s\u00e9curit\u00e9, et collabore activement au retrait ou au blocage de tout contenu qui pourrait affecter ou contrevenir \u00e0 la l\u00e9gislation nationale, ou internationale, sur les droits des tiers des partis ou de la morale et de l&rsquo;ordre public. Dans le cas o\u00f9 l&rsquo;utilisateur consid\u00e8re qu&rsquo;il existe un contenu sur le site Web qui pourrait \u00eatre susceptible de cette classification, veuillez en informer imm\u00e9diatement l&rsquo;administrateur du site Web.<\/p>&#13;\n&#13;\n<p>Ce site Web a \u00e9t\u00e9 r\u00e9vis\u00e9 et test\u00e9 pour fonctionner correctement. En principe, un fonctionnement correct peut \u00eatre garanti 365 jours par an, 24 heures sur 24. Cependant, le PRESTATAIRE n&rsquo;exclut pas la possibilit\u00e9 qu&rsquo;il y ait certaines erreurs de programmation, ou que des cas de force majeure, des catastrophes naturelles, des gr\u00e8ves ou des circonstances similaires se produisent qui rendent l&rsquo;acc\u00e8s au site Web impossible.<\/p>&#13;\n&#13;\n<h4 class=\"wp-block-heading\"><strong>PROPRI\u00c9T\u00c9 INTELLECTUELLE ET INDUSTRIELLE<\/strong><\/h4>&#13;\n&#13;\n<p>Le site Web, y compris, mais sans s&rsquo;y limiter, sa programmation, son \u00e9dition, sa compilation et d&rsquo;autres \u00e9l\u00e9ments n\u00e9cessaires \u00e0 son fonctionnement, les dessins, logos, textes et\/ou graphiques sont la propri\u00e9t\u00e9 du PRESTATAIRE ou, le cas \u00e9ch\u00e9ant, disposent d&rsquo;une licence ou d&rsquo;une autorisation expresse de partie des auteurs. Tous les contenus du site sont d\u00fbment prot\u00e9g\u00e9s par la r\u00e9glementation de la propri\u00e9t\u00e9 intellectuelle et industrielle, quel que soit le but auquel ils sont destin\u00e9s, la reproduction totale ou partielle, l&rsquo;utilisation, l&rsquo;exploitation, la distribution et la commercialisation, n\u00e9cessite dans tous les cas l&rsquo;autorisation \u00e9crite pr\u00e9alable par le PRESTATAIRE.<br\/>Toute utilisation non pr\u00e9alablement autoris\u00e9e par le PRESTATAIRE sera consid\u00e9r\u00e9e comme une violation grave des droits de propri\u00e9t\u00e9 intellectuelle ou industrielle de l&rsquo;auteur.<br\/>Les dessins, logos, textes et\/ou graphiques n&rsquo;appartenant pas au PRESTATAIRE et pouvant appara\u00eetre sur le site Web appartiennent \u00e0 leurs propri\u00e9taires respectifs, qui sont eux-m\u00eames responsables de toute controverse \u00e9ventuelle pouvant survenir \u00e0 leur sujet. En tout \u00e9tat de cause, le PRESTATAIRE dispose d&rsquo;une autorisation expresse et pr\u00e9alable de sa part.<br\/>Le PRESTATAIRE autorise express\u00e9ment les tiers \u00e0 rediriger directement vers les contenus sp\u00e9cifiques du site Web, et doit en tout cas rediriger vers le site principal du PRESTATAIRE.<br\/>El PRESTADOR reconoce a favor de sus titulares los correspondientes derechos de propiedad industrial e intelectual, no implicando su sola menci\u00f3n o aparici\u00f3n en el sitio web la existencia de derechos o responsabilidad alguna del PRESTADOR sobre los mismos, como tampoco respaldo, patrocinio o recomendaci\u00f3n por parte du m\u00eame.<br\/>Pour faire tout type d&rsquo;observation concernant d&rsquo;\u00e9ventuelles violations des droits de propri\u00e9t\u00e9 intellectuelle ou industrielle, ainsi que de tout contenu du site Web, vous pouvez le faire via l&rsquo;e-mail suivant.<br\/><em>novell@novellweb.com<\/em><\/p>&#13;\n&#13;\n<h4 class=\"wp-block-heading\"><strong>LOI APPLICABLE ET JURIDICTION<\/strong><\/h4>&#13;\n&#13;\n<p>Pour la r\u00e9solution de tous les litiges ou probl\u00e8mes li\u00e9s \u00e0 ce site Web ou aux activit\u00e9s qui y sont d\u00e9velopp\u00e9es, la l\u00e9gislation espagnole s&rsquo;appliquera, \u00e0 laquelle les parties se soumettent express\u00e9ment, \u00e9tant comp\u00e9tentes pour r\u00e9soudre tous les litiges d\u00e9coulant ou li\u00e9s \u00e0 son utilisation les Cours et Tribunaux de LLEIDA (ESPAGNE ).<\/p>&#13;\n","protected":false},"excerpt":{"rendered":"<p>&#13; LA POSSESSION &#13; &#13; Nom : Novell Equipament, SLSi\u00e8ge social : C\/ Bruc, 23 Entresuelo 2\u00aa, 25001 LleidaCIF : B25359282Registre du commerce de Lleida, tome 427 de la section g\u00e9n\u00e9rale, folio 133, num\u00e9ro de page L-7.993, 2e inscriptionT\u00e9l\u00e9phone : 973 202 548T\u00e9l\u00e9copie : 973 211 360Courriel : novell@novellweb.comNom de domaine : www.novellshop.comCi-apr\u00e8s, PRESTATAIRE &#13; [&hellip;]<\/p>\n","protected":false},"author":1,"featured_media":0,"parent":0,"menu_order":0,"comment_status":"closed","ping_status":"closed","template":"","meta":{"site-sidebar-layout":"default","site-content-layout":"default","ast-site-content-layout":"default","site-content-style":"default","site-sidebar-style":"default","ast-global-header-display":"","ast-banner-title-visibility":"","ast-main-header-display":"","ast-hfb-above-header-display":"","ast-hfb-below-header-display":"","ast-hfb-mobile-header-display":"","site-post-title":"","ast-breadcrumbs-content":"","ast-featured-img":"","footer-sml-layout":"","ast-disable-related-posts":"","theme-transparent-header-meta":"disabled","adv-header-id-meta":"","stick-header-meta":"","header-above-stick-meta":"","header-main-stick-meta":"","header-below-stick-meta":"","astra-migrate-meta-layouts":"default","ast-page-background-enabled":"default","ast-page-background-meta":{"desktop":{"background-color":"","background-image":"","background-repeat":"repeat","background-position":"center center","background-size":"auto","background-attachment":"scroll","background-type":"","background-media":"","overlay-type":"","overlay-color":"","overlay-opacity":"","overlay-gradient":""},"tablet":{"background-color":"","background-image":"","background-repeat":"repeat","background-position":"center center","background-size":"auto","background-attachment":"scroll","background-type":"","background-media":"","overlay-type":"","overlay-color":"","overlay-opacity":"","overlay-gradient":""},"mobile":{"background-color":"","background-image":"","background-repeat":"repeat","background-position":"center center","background-size":"auto","background-attachment":"scroll","background-type":"","background-media":"","overlay-type":"","overlay-color":"","overlay-opacity":"","overlay-gradient":""}},"ast-content-background-meta":{"desktop":{"background-color":"var(--ast-global-color-5)","background-image":"","background-repeat":"repeat","background-position":"center center","background-size":"auto","background-attachment":"scroll","background-type":"","background-media":"","overlay-type":"","overlay-color":"","overlay-opacity":"","overlay-gradient":""},"tablet":{"background-color":"var(--ast-global-color-5)","background-image":"","background-repeat":"repeat","background-position":"center center","background-size":"auto","background-attachment":"scroll","background-type":"","background-media":"","overlay-type":"","overlay-color":"","overlay-opacity":"","overlay-gradient":""},"mobile":{"background-color":"var(--ast-global-color-5)","background-image":"","background-repeat":"repeat","background-position":"center center","background-size":"auto","background-attachment":"scroll","background-type":"","background-media":"","overlay-type":"","overlay-color":"","overlay-opacity":"","overlay-gradient":""}},"_joinchat":[],"footnotes":""},"class_list":["post-22032","page","type-page","status-publish","hentry"],"_links":{"self":[{"href":"https:\/\/www.novellshop.com\/fr\/wp-json\/wp\/v2\/pages\/22032","targetHints":{"allow":["GET"]}}],"collection":[{"href":"https:\/\/www.novellshop.com\/fr\/wp-json\/wp\/v2\/pages"}],"about":[{"href":"https:\/\/www.novellshop.com\/fr\/wp-json\/wp\/v2\/types\/page"}],"author":[{"embeddable":true,"href":"https:\/\/www.novellshop.com\/fr\/wp-json\/wp\/v2\/users\/1"}],"replies":[{"embeddable":true,"href":"https:\/\/www.novellshop.com\/fr\/wp-json\/wp\/v2\/comments?post=22032"}],"version-history":[{"count":2,"href":"https:\/\/www.novellshop.com\/fr\/wp-json\/wp\/v2\/pages\/22032\/revisions"}],"predecessor-version":[{"id":25902,"href":"https:\/\/www.novellshop.com\/fr\/wp-json\/wp\/v2\/pages\/22032\/revisions\/25902"}],"wp:attachment":[{"href":"https:\/\/www.novellshop.com\/fr\/wp-json\/wp\/v2\/media?parent=22032"}],"curies":[{"name":"wp","href":"https:\/\/api.w.org\/{rel}","templated":true}]}}